{"id":32,"date":"2022-03-06T05:38:56","date_gmt":"2022-03-06T05:38:56","guid":{"rendered":"https:\/\/nbsime.com\/site\/?page_id=32"},"modified":"2022-03-09T18:58:35","modified_gmt":"2022-03-09T18:58:35","slug":"estrategias-y-consultoria","status":"publish","type":"page","link":"https:\/\/nbsime.com\/site\/","title":{"rendered":"Inicio"},"content":{"rendered":"<div id='full_slider_1'  class='avia-fullwidth-slider main_color avia-shadow   avia-builder-el-0  el_before_av_two_third  avia-builder-el-first   container_wrap sidebar_right'  ><div   data-size='featured_large'  data-lightbox_size='large'  data-animation='slide'  data-conditional_play=''  data-ids='182,191'  data-video_counter='0'  data-autoplay='true'  data-bg_slider='false'  data-slide_height=''  data-handle='av_slideshow_full'  data-interval='3'  data-class=' '  data-el_id=''  data-css_id=''  data-scroll_down=''  data-control_layout='av-control-hidden'  data-custom_markup=''  data-perma_caption=''  data-autoplay_stopper=''  data-image_attachment=''  data-min_height='0px'  data-lazy_loading='disabled'  data-src=''  data-position='top left'  data-repeat='no-repeat'  data-attach='scroll'  data-stretch=''  data-default-height='42'  class='avia-slideshow avia-slideshow-1  av-control-hidden av-default-height-applied avia-slideshow-featured_large av_slideshow_full   avia-slide-slider '  itemprop=\"image\" itemscope=\"itemscope\" itemtype=\"https:\/\/schema.org\/ImageObject\" ><ul class='avia-slideshow-inner ' style='padding-bottom: 42%;' ><li  class=' slide-1 ' ><div data-rel='slideshow-1' class='avia-slide-wrap '   ><img decoding=\"async\" class=\"wp-image-182 avia-img-lazy-loading-not-182\"  src=\"https:\/\/nbsime.com\/site\/wp-content\/uploads\/2022\/03\/NB1-1500x630.png\" width=\"1500\" height=\"630\" title='NB1' alt=''  itemprop=\"thumbnailUrl\"   \/><\/div><\/li><li  class=' slide-2 ' ><div data-rel='slideshow-1' class='avia-slide-wrap '   ><img decoding=\"async\" class=\"wp-image-191 avia-img-lazy-loading-not-191\"  src=\"https:\/\/nbsime.com\/site\/wp-content\/uploads\/2022\/03\/NB2-1-1500x630.png\" width=\"1500\" height=\"630\" title='NB2' alt=''  itemprop=\"thumbnailUrl\"   \/><\/div><\/li><\/ul><div class='avia-slideshow-arrows avia-slideshow-controls' ><a href='#prev' class='prev-slide ' aria-hidden='true' data-av_icon='\ue87c' data-av_iconfont='entypo-fontello' aria-hidden='true' tabindex='-1'>Anterior<\/a><a href='#next' class='next-slide ' aria-hidden='true' data-av_icon='\ue87d' data-av_iconfont='entypo-fontello' aria-hidden='true' tabindex='-1'>Posterior<\/a><\/div><div class='avia-slideshow-dots avia-slideshow-controls'><a href='#1' class='goto-slide active' >1<\/a><a href='#2' class='goto-slide ' >2<\/a><\/div><\/div><\/div><div id='after_full_slider_1'  class='main_color av_default_container_wrap container_wrap sidebar_right'  ><div class='container av-section-cont-open' ><div class='template-page content  av-content-small alpha units'><div class='post-entry post-entry-type-page post-entry-32'><div class='entry-content-wrapper clearfix'>\r\n\r\n<div class='flex_column av-1w3n8-d6aa50a05f3fc5f10001ac4c83576414 av_two_third  avia-builder-el-1  el_after_av_slideshow_full  el_before_av_one_third  avia-builder-el-first  first flex_column_div '   ><section class=\"av_textblock_section \"  itemscope=\"itemscope\" itemtype=\"https:\/\/schema.org\/CreativeWork\" ><div class='avia_textblock  '  style='font-size:17px; '  itemprop=\"text\" ><p><span style=\"color: #00267b;\"><strong>NBSim\u00e9 Estrategias y Consultor\u00eda <\/strong><\/span><b>M\u00e1s de 20 a\u00f1os <\/b>sirviendo al mercado\u00a0 del dise\u00f1o, registro y hospedaje de sitios web, suministro de correos electr\u00f3nicos personalizados basados en la plataforma Google Workspace, monitoreo y manejo de redes sociales y medios digitales.<\/p>\n<p>Adem\u00e1s de representar estos servicios electr\u00f3nicos de clase mundial, le damos la facilidad de que son facturados con el tipo de comprobante con Valor Fiscal (NCF) que requiera su instituci\u00f3n, debidamente normado por la DGII.<\/p>\n<\/div><\/section><\/div><div class='flex_column av-nsw4-4bd1cc959048dcbb8e1c2898863e0cc8 av_one_third  avia-builder-el-3  el_after_av_two_third  el_before_av_slideshow  flex_column_div '   ><style type=\"text\/css\" data-created_by=\"avia_inline_auto\" id=\"style-css-av-xm4s-83431881495cc6fc5b2f95e46e58c7de\">\n.avia-image-container.av-xm4s-83431881495cc6fc5b2f95e46e58c7de .av-image-caption-overlay-center{\ncolor:#ffffff;\n}\n<\/style>\n<div  class='avia-image-container av-xm4s-83431881495cc6fc5b2f95e46e58c7de av-styling- avia-align-center  avia-builder-el-4  avia-builder-el-no-sibling  '  itemprop=\"image\" itemscope=\"itemscope\" itemtype=\"https:\/\/schema.org\/ImageObject\" ><div class=\"avia-image-container-inner\"><div class=\"avia-image-overlay-wrap\"><img decoding=\"async\" class='wp-image-36 avia-img-lazy-loading-not-36 avia_image' src=\"https:\/\/nbsime.com\/site\/wp-content\/uploads\/2022\/03\/nbsime-sgia-member.png\" alt='' title='nbsime-sgia-member'  height=\"192\" width=\"280\"  itemprop=\"thumbnailUrl\"  \/><\/div><\/div><\/div><\/div>\r\n\r\n<div   data-size='featured'  data-lightbox_size='large'  data-animation='slide'  data-conditional_play=''  data-ids='39,40,41'  data-video_counter='0'  data-autoplay='true'  data-bg_slider='false'  data-slide_height=''  data-handle='av_slideshow'  data-interval='3'  data-class=' avia-builder-el-5  el_after_av_one_third  avia-builder-el-last  '  data-el_id=''  data-css_id=''  data-scroll_down=''  data-control_layout='av-control-hidden'  data-custom_markup=''  data-perma_caption=''  data-autoplay_stopper=''  data-image_attachment=''  data-min_height='0px'  data-lazy_loading='disabled'  data-default-height='28.666666666667'  class='avia-slideshow avia-slideshow-2  av-control-hidden av-default-height-applied avia-slideshow-featured av_slideshow  avia-builder-el-5  el_after_av_one_third  avia-builder-el-last   avia-slide-slider '  itemprop=\"image\" itemscope=\"itemscope\" itemtype=\"https:\/\/schema.org\/ImageObject\" ><ul class='avia-slideshow-inner ' style='padding-bottom: 15.625%;' ><li  class=' slide-1 ' ><div data-rel='slideshow-2' class='avia-slide-wrap '   ><img decoding=\"async\" class=\"wp-image-39 avia-img-lazy-loading-not-39\"  src=\"https:\/\/nbsime.com\/site\/wp-content\/uploads\/2022\/03\/nuestro-clientes2.jpg\" width=\"960\" height=\"150\" title='nuestro-clientes2' alt=''  itemprop=\"thumbnailUrl\" srcset=\"https:\/\/nbsime.com\/site\/wp-content\/uploads\/2022\/03\/nuestro-clientes2.jpg 960w, https:\/\/nbsime.com\/site\/wp-content\/uploads\/2022\/03\/nuestro-clientes2-300x47.jpg 300w, https:\/\/nbsime.com\/site\/wp-content\/uploads\/2022\/03\/nuestro-clientes2-768x120.jpg 768w, https:\/\/nbsime.com\/site\/wp-content\/uploads\/2022\/03\/nuestro-clientes2-705x110.jpg 705w\" sizes=\"(max-width: 960px) 100vw, 960px\" \/><\/div><\/li><li  class=' slide-2 ' ><div data-rel='slideshow-2' class='avia-slide-wrap '   ><img decoding=\"async\" class=\"wp-image-40 avia-img-lazy-loading-not-40\"  src=\"https:\/\/nbsime.com\/site\/wp-content\/uploads\/2022\/03\/nuestro-clientes3.jpg\" width=\"960\" height=\"150\" title='nuestro-clientes3' alt=''  itemprop=\"thumbnailUrl\" srcset=\"https:\/\/nbsime.com\/site\/wp-content\/uploads\/2022\/03\/nuestro-clientes3.jpg 960w, https:\/\/nbsime.com\/site\/wp-content\/uploads\/2022\/03\/nuestro-clientes3-300x47.jpg 300w, https:\/\/nbsime.com\/site\/wp-content\/uploads\/2022\/03\/nuestro-clientes3-768x120.jpg 768w, https:\/\/nbsime.com\/site\/wp-content\/uploads\/2022\/03\/nuestro-clientes3-705x110.jpg 705w\" sizes=\"(max-width: 960px) 100vw, 960px\" \/><\/div><\/li><li  class=' slide-3 ' ><div data-rel='slideshow-2' class='avia-slide-wrap '   ><img decoding=\"async\" class=\"wp-image-41 avia-img-lazy-loading-not-41\"  src=\"https:\/\/nbsime.com\/site\/wp-content\/uploads\/2022\/03\/nuestro-clientes1.jpg\" width=\"960\" height=\"150\" title='nuestro-clientes1' alt=''  itemprop=\"thumbnailUrl\" srcset=\"https:\/\/nbsime.com\/site\/wp-content\/uploads\/2022\/03\/nuestro-clientes1.jpg 960w, https:\/\/nbsime.com\/site\/wp-content\/uploads\/2022\/03\/nuestro-clientes1-300x47.jpg 300w, https:\/\/nbsime.com\/site\/wp-content\/uploads\/2022\/03\/nuestro-clientes1-768x120.jpg 768w, https:\/\/nbsime.com\/site\/wp-content\/uploads\/2022\/03\/nuestro-clientes1-705x110.jpg 705w\" sizes=\"(max-width: 960px) 100vw, 960px\" \/><\/div><\/li><\/ul><div class='avia-slideshow-arrows avia-slideshow-controls' ><a href='#prev' class='prev-slide ' aria-hidden='true' data-av_icon='\ue87c' data-av_iconfont='entypo-fontello' aria-hidden='true' tabindex='-1'>Anterior<\/a><a href='#next' class='next-slide ' aria-hidden='true' data-av_icon='\ue87d' data-av_iconfont='entypo-fontello' aria-hidden='true' tabindex='-1'>Posterior<\/a><\/div><div class='avia-slideshow-dots avia-slideshow-controls'><a href='#1' class='goto-slide active' >1<\/a><a href='#2' class='goto-slide ' >2<\/a><a href='#3' class='goto-slide ' >3<\/a><\/div><\/div><!-- \/wp:post-content -->","protected":false},"excerpt":{"rendered":"","protected":false},"author":1,"featured_media":258,"parent":0,"menu_order":0,"comment_status":"closed","ping_status":"closed","template":"","meta":{"footnotes":""},"class_list":["post-32","page","type-page","status-publish","has-post-thumbnail","hentry"],"yoast_head":"<!-- This site is optimized with the Yoast SEO plugin v18.3 - https:\/\/yoast.com\/wordpress\/plugins\/seo\/ -->\n<title>Inicio - NBsim\u00e9<\/title>\n<meta name=\"description\" content=\"M\u00e1s de 20 a\u00f1os sirviendo al mercado\u00a0del dise\u00f1o, registro y hospedaje de sitios web, suministro de correos electr\u00f3nicos personalizado.\" \/>\n<meta name=\"robots\" content=\"index, follow, max-snippet:-1, max-image-preview:large, max-video-preview:-1\" \/>\n<link rel=\"canonical\" href=\"https:\/\/nbsime.com\/site\/\" \/>\n<meta property=\"og:locale\" content=\"es_ES\" \/>\n<meta property=\"og:type\" content=\"article\" \/>\n<meta property=\"og:title\" content=\"Inicio - NBsim\u00e9\" \/>\n<meta property=\"og:description\" content=\"M\u00e1s de 20 a\u00f1os sirviendo al mercado\u00a0del dise\u00f1o, registro y hospedaje de sitios web, suministro de correos electr\u00f3nicos personalizado.\" \/>\n<meta property=\"og:url\" content=\"https:\/\/nbsime.com\/site\/\" \/>\n<meta property=\"og:site_name\" content=\"NBsim\u00e9\" \/>\n<meta property=\"article:modified_time\" content=\"2022-03-09T18:58:35+00:00\" \/>\n<meta property=\"og:image\" content=\"https:\/\/nbsime.com\/site\/wp-content\/uploads\/2022\/03\/nbsime.png\" \/>\n\t<meta property=\"og:image:width\" content=\"455\" \/>\n\t<meta property=\"og:image:height\" content=\"200\" \/>\n\t<meta property=\"og:image:type\" content=\"image\/png\" \/>\n<meta name=\"twitter:card\" content=\"summary_large_image\" \/>\n<meta name=\"twitter:label1\" content=\"Tiempo de lectura\" \/>\n\t<meta name=\"twitter:data1\" content=\"6 minutos\" \/>\n<script type=\"application\/ld+json\" class=\"yoast-schema-graph\">{\"@context\":\"https:\/\/schema.org\",\"@graph\":[{\"@type\":\"WebSite\",\"@id\":\"https:\/\/nbsime.com\/site\/#website\",\"url\":\"https:\/\/nbsime.com\/site\/\",\"name\":\"NBsim\u00e9\",\"description\":\"Estrategias y Consultor\u00eda\",\"potentialAction\":[{\"@type\":\"SearchAction\",\"target\":{\"@type\":\"EntryPoint\",\"urlTemplate\":\"https:\/\/nbsime.com\/site\/?s={search_term_string}\"},\"query-input\":\"required name=search_term_string\"}],\"inLanguage\":\"es\"},{\"@type\":\"ImageObject\",\"@id\":\"https:\/\/nbsime.com\/site\/#primaryimage\",\"inLanguage\":\"es\",\"url\":\"https:\/\/nbsime.com\/site\/wp-content\/uploads\/2022\/03\/nbsime.png\",\"contentUrl\":\"https:\/\/nbsime.com\/site\/wp-content\/uploads\/2022\/03\/nbsime.png\",\"width\":455,\"height\":200},{\"@type\":\"WebPage\",\"@id\":\"https:\/\/nbsime.com\/site\/#webpage\",\"url\":\"https:\/\/nbsime.com\/site\/\",\"name\":\"Inicio - NBsim\u00e9\",\"isPartOf\":{\"@id\":\"https:\/\/nbsime.com\/site\/#website\"},\"primaryImageOfPage\":{\"@id\":\"https:\/\/nbsime.com\/site\/#primaryimage\"},\"datePublished\":\"2022-03-06T05:38:56+00:00\",\"dateModified\":\"2022-03-09T18:58:35+00:00\",\"description\":\"M\u00e1s de 20 a\u00f1os sirviendo al mercado\u00a0del dise\u00f1o, registro y hospedaje de sitios web, suministro de correos electr\u00f3nicos personalizado.\",\"breadcrumb\":{\"@id\":\"https:\/\/nbsime.com\/site\/#breadcrumb\"},\"inLanguage\":\"es\",\"potentialAction\":[{\"@type\":\"ReadAction\",\"target\":[\"https:\/\/nbsime.com\/site\/\"]}]},{\"@type\":\"BreadcrumbList\",\"@id\":\"https:\/\/nbsime.com\/site\/#breadcrumb\",\"itemListElement\":[{\"@type\":\"ListItem\",\"position\":1,\"name\":\"Portada\",\"item\":\"https:\/\/nbsime.com\/site\/\"},{\"@type\":\"ListItem\",\"position\":2,\"name\":\"Inicio\"}]}]}<\/script>\n<!-- \/ Yoast SEO plugin. -->","yoast_head_json":{"title":"Inicio - NBsim\u00e9","description":"M\u00e1s de 20 a\u00f1os sirviendo al mercado\u00a0del dise\u00f1o, registro y hospedaje de sitios web, suministro de correos electr\u00f3nicos personalizado.","robots":{"index":"index","follow":"follow","max-snippet":"max-snippet:-1","max-image-preview":"max-image-preview:large","max-video-preview":"max-video-preview:-1"},"canonical":"https:\/\/nbsime.com\/site\/","og_locale":"es_ES","og_type":"article","og_title":"Inicio - NBsim\u00e9","og_description":"M\u00e1s de 20 a\u00f1os sirviendo al mercado\u00a0del dise\u00f1o, registro y hospedaje de sitios web, suministro de correos electr\u00f3nicos personalizado.","og_url":"https:\/\/nbsime.com\/site\/","og_site_name":"NBsim\u00e9","article_modified_time":"2022-03-09T18:58:35+00:00","og_image":[{"width":455,"height":200,"url":"https:\/\/nbsime.com\/site\/wp-content\/uploads\/2022\/03\/nbsime.png","type":"image\/png"}],"twitter_card":"summary_large_image","twitter_misc":{"Tiempo de lectura":"6 minutos"},"schema":{"@context":"https:\/\/schema.org","@graph":[{"@type":"WebSite","@id":"https:\/\/nbsime.com\/site\/#website","url":"https:\/\/nbsime.com\/site\/","name":"NBsim\u00e9","description":"Estrategias y Consultor\u00eda","potentialAction":[{"@type":"SearchAction","target":{"@type":"EntryPoint","urlTemplate":"https:\/\/nbsime.com\/site\/?s={search_term_string}"},"query-input":"required name=search_term_string"}],"inLanguage":"es"},{"@type":"ImageObject","@id":"https:\/\/nbsime.com\/site\/#primaryimage","inLanguage":"es","url":"https:\/\/nbsime.com\/site\/wp-content\/uploads\/2022\/03\/nbsime.png","contentUrl":"https:\/\/nbsime.com\/site\/wp-content\/uploads\/2022\/03\/nbsime.png","width":455,"height":200},{"@type":"WebPage","@id":"https:\/\/nbsime.com\/site\/#webpage","url":"https:\/\/nbsime.com\/site\/","name":"Inicio - NBsim\u00e9","isPartOf":{"@id":"https:\/\/nbsime.com\/site\/#website"},"primaryImageOfPage":{"@id":"https:\/\/nbsime.com\/site\/#primaryimage"},"datePublished":"2022-03-06T05:38:56+00:00","dateModified":"2022-03-09T18:58:35+00:00","description":"M\u00e1s de 20 a\u00f1os sirviendo al mercado\u00a0del dise\u00f1o, registro y hospedaje de sitios web, suministro de correos electr\u00f3nicos personalizado.","breadcrumb":{"@id":"https:\/\/nbsime.com\/site\/#breadcrumb"},"inLanguage":"es","potentialAction":[{"@type":"ReadAction","target":["https:\/\/nbsime.com\/site\/"]}]},{"@type":"BreadcrumbList","@id":"https:\/\/nbsime.com\/site\/#breadcrumb","itemListElement":[{"@type":"ListItem","position":1,"name":"Portada","item":"https:\/\/nbsime.com\/site\/"},{"@type":"ListItem","position":2,"name":"Inicio"}]}]}},"_links":{"self":[{"href":"https:\/\/nbsime.com\/site\/wp-json\/wp\/v2\/pages\/32","targetHints":{"allow":["GET"]}}],"collection":[{"href":"https:\/\/nbsime.com\/site\/wp-json\/wp\/v2\/pages"}],"about":[{"href":"https:\/\/nbsime.com\/site\/wp-json\/wp\/v2\/types\/page"}],"author":[{"embeddable":true,"href":"https:\/\/nbsime.com\/site\/wp-json\/wp\/v2\/users\/1"}],"replies":[{"embeddable":true,"href":"https:\/\/nbsime.com\/site\/wp-json\/wp\/v2\/comments?post=32"}],"version-history":[{"count":11,"href":"https:\/\/nbsime.com\/site\/wp-json\/wp\/v2\/pages\/32\/revisions"}],"predecessor-version":[{"id":273,"href":"https:\/\/nbsime.com\/site\/wp-json\/wp\/v2\/pages\/32\/revisions\/273"}],"wp:featuredmedia":[{"embeddable":true,"href":"https:\/\/nbsime.com\/site\/wp-json\/wp\/v2\/media\/258"}],"wp:attachment":[{"href":"https:\/\/nbsime.com\/site\/wp-json\/wp\/v2\/media?parent=32"}],"curies":[{"name":"wp","href":"https:\/\/api.w.org\/{rel}","templated":true}]}}