{"id":47,"date":"2022-03-06T15:29:42","date_gmt":"2022-03-06T15:29:42","guid":{"rendered":"https:\/\/nbsime.com\/site\/?page_id=47"},"modified":"2022-04-06T03:10:22","modified_gmt":"2022-04-06T03:10:22","slug":"contacto","status":"publish","type":"page","link":"https:\/\/nbsime.com\/site\/contacto\/","title":{"rendered":"CONTACTO"},"content":{"rendered":"\n<style type=\"text\/css\" data-created_by=\"avia_inline_auto\" id=\"style-css-av-l0fimvvn-9b95ce6204766ad657030db2ff83e3b7\">\n.avia-section.av-l0fimvvn-9b95ce6204766ad657030db2ff83e3b7 .av-parallax .av-parallax-inner{\nbackground-repeat:no-repeat;\nbackground-image:url(https:\/\/nbsime.com\/site\/wp-content\/uploads\/2022\/03\/contactos-1024x395.jpg);\nbackground-position:50% 50%;\nbackground-attachment:scroll;\n}\n<\/style>\n<div id='av_section_1'  class='avia-section av-l0fimvvn-9b95ce6204766ad657030db2ff83e3b7 main_color avia-section-default avia-no-border-styling  avia-builder-el-0  el_before_av_one_full  avia-builder-el-first  avia-full-stretch av-parallax-section avia-bg-style-parallax  container_wrap sidebar_right'  data-section-bg-repeat='stretch'><div class='av-parallax' data-avia-parallax-ratio='0.3' ><div class='av-parallax-inner main_color avia-full-stretch'><\/div><\/div><div class='container av-section-cont-open' ><main  role=\"main\" itemprop=\"mainContentOfPage\"  class='template-page content  av-content-small alpha units'><div class='post-entry post-entry-type-page post-entry-47'><div class='entry-content-wrapper clearfix'>\n\n<style type=\"text\/css\" data-created_by=\"avia_inline_auto\" id=\"style-css-av-l0filw8p-c7804cb25e5262f87fb50935b6185499\">\n.avia-image-container.av-l0filw8p-c7804cb25e5262f87fb50935b6185499 .av-image-caption-overlay-center{\ncolor:#ffffff;\n}\n<\/style>\n<div  class='avia-image-container av-l0filw8p-c7804cb25e5262f87fb50935b6185499 av-styling- avia_animated_image avia_animate_when_almost_visible right-to-left avia-align-left  avia-builder-el-1  avia-builder-el-no-sibling  '  itemprop=\"image\" itemscope=\"itemscope\" itemtype=\"https:\/\/schema.org\/ImageObject\" ><div class=\"avia-image-container-inner\"><div class=\"avia-image-overlay-wrap\"><img decoding=\"async\" class='wp-image-67 avia-img-lazy-loading-not-67 avia_image' src=\"https:\/\/nbsime.com\/site\/wp-content\/uploads\/2022\/03\/Contacto-300x109.png\" alt='' title='Contacto'  height=\"109\" width=\"300\"  itemprop=\"thumbnailUrl\" srcset=\"https:\/\/nbsime.com\/site\/wp-content\/uploads\/2022\/03\/Contacto-300x109.png 300w, https:\/\/nbsime.com\/site\/wp-content\/uploads\/2022\/03\/Contacto-1024x371.png 1024w, https:\/\/nbsime.com\/site\/wp-content\/uploads\/2022\/03\/Contacto-768x278.png 768w, https:\/\/nbsime.com\/site\/wp-content\/uploads\/2022\/03\/Contacto-705x255.png 705w, https:\/\/nbsime.com\/site\/wp-content\/uploads\/2022\/03\/Contacto.png 1366w\" sizes=\"(max-width: 300px) 100vw, 300px\" \/><\/div><\/div><\/div>\n<\/div><\/div><\/main><!-- close content main element --><\/div><\/div><div id='after_section_1'  class='main_color av_default_container_wrap container_wrap sidebar_right'  ><div class='container av-section-cont-open' ><div class='template-page content  av-content-small alpha units'><div class='post-entry post-entry-type-page post-entry-47'><div class='entry-content-wrapper clearfix'>\n<div class='flex_column av-4evv7-d0625667a8a2a6942291ba3bc5e65518 av_one_full  avia-builder-el-2  el_after_av_section  el_before_av_two_third  avia-builder-el-first  first flex_column_div '   ><style type=\"text\/css\" data-created_by=\"avia_inline_auto\" id=\"style-css-av-40xuz-e16bbd64adfb33a12e44840c9356dd33\">\n#top .av-special-heading.av-40xuz-e16bbd64adfb33a12e44840c9356dd33{\npadding-bottom:10px;\ncolor:#d1040e;\n}\n.av-special-heading.av-40xuz-e16bbd64adfb33a12e44840c9356dd33 .special-heading-inner-border{\nborder-color:#af0000;\n}\nbody .av-special-heading.av-40xuz-e16bbd64adfb33a12e44840c9356dd33 .av-special-heading-tag .heading-wrap:before{\nborder-color:#af0000;\n}\nbody .av-special-heading.av-40xuz-e16bbd64adfb33a12e44840c9356dd33 .av-special-heading-tag .heading-wrap:after{\nborder-color:#af0000;\n}\n<\/style>\n<div  class='av-special-heading av-40xuz-e16bbd64adfb33a12e44840c9356dd33 av-special-heading-h1 custom-color-heading blockquote elegant-quote elegant-centered  avia-builder-el-3  avia-builder-el-no-sibling  '><h1 class='av-special-heading-tag '  itemprop=\"headline\"  ><span class=\"heading-wrap\">CONTACTA CON NOSOTROS<\/span><\/h1><div class='special-heading-border'><div class='special-heading-inner-border'><\/div><\/div><\/div><\/div>\n<div class='flex_column av-4oxo7-0723e0e0b154cd3c11abb8e64a7ff97f av_two_third  avia-builder-el-4  el_after_av_one_full  el_before_av_one_third  first flex_column_div column-top-margin'   ><form action=\"https:\/\/nbsime.com\/site\/contacto\/\" method=\"post\"  class=\"avia_ajax_form av-form-labels-visible   avia-builder-el-5  avia-builder-el-no-sibling   \" data-avia-form-id=\"1\" data-avia-redirect='' ><h3 class=''>ESTAREMOS ENCANTADOS DE RESOLVER CUALQUIER DUDA QUE TENGAS<\/h3><fieldset><p class='  first_form  form_element form_element_half' id='element_avia_1_1'><label for=\"avia_1_1\">Nombre <abbr class=\"required\" title=\"requerido\">*<\/abbr><\/label> <input name=\"avia_1_1\" class=\"text_input is_empty\" type=\"text\" id=\"avia_1_1\" value=\"\" \/><\/p><p class='  form_element form_element_half' id='element_avia_2_1'><label for=\"avia_2_1\">Correo electr\u00f3nico <abbr class=\"required\" title=\"requerido\">*<\/abbr><\/label> <input name=\"avia_2_1\" class=\"text_input is_email\" type=\"text\" id=\"avia_2_1\" value=\"\" \/><\/p><p class='  first_form  form_element form_element_half' id='element_avia_3_1'><label for=\"avia_3_1\">Compa\u00f1\u00eda (opcional)<\/label> <input name=\"avia_3_1\" class=\"text_input \" type=\"text\" id=\"avia_3_1\" value=\"\" \/><\/p><p class='  form_element form_element_half' id='element_avia_4_1'><label for=\"avia_4_1\">Tel\u00e9fono (opcional)<\/label> <input name=\"avia_4_1\" class=\"text_input \" type=\"text\" id=\"avia_4_1\" value=\"\" \/><\/p><p class='  first_form  form_element form_fullwidth' id='element_avia_5_1'><label for=\"avia_5_1\" class=\"textare_label hidden textare_label_avia_5_1\">Mensaje <abbr class=\"required\" title=\"requerido\">*<\/abbr><\/label><textarea  name=\"avia_5_1\" class=\"text_area is_empty\" cols=\"40\" rows=\"7\" id=\"avia_5_1\" ><\/textarea><\/p><p class=\"hidden\"><input type=\"text\" name=\"avia_6_1\" class=\"hidden \" id=\"avia_6_1\" value=\"\" \/><\/p><div id='avia_7_1' class='av-recaptcha-area  first_form  form_element form_fullwidth '  data-container_class=\"\" data-custom_class=\"\" data-context=\"av_contact_form\" data-token_input=\"av_recaptcha_token\" data-version=\"avia_recaptcha_v2\" data-theme=\"light\" data-size=\"normal\" data-score=\"0.5\" data-text_to_preview=\"\" data-value=\"\"><div class=\"av-google-badge-message hidden\">This site is protected by reCAPTCHA and the Google <a href=\"https:\/\/policies.google.com\/privacy\">Privacy Policy<\/a> and <a href=\"https:\/\/policies.google.com\/terms\">Terms of Service<\/a> apply.<\/div><\/div><p class=\"form_element \"><input type=\"hidden\" value=\"1\" name=\"avia_generated_form1\" \/><input type=\"submit\" value=\"Enviar\" class=\"button\"  data-sending-label=\"Enviando\"\/><\/p><\/fieldset><div class=\"avia-disabled-form\">This contact form is deactivated because you refused to accept Google reCaptcha service which is necessary to validate any messages sent by the form.<\/div><\/form><div id=\"ajaxresponse_1\" class=\"ajaxresponse ajaxresponse_1 hidden\"><\/div><\/div>\n<div class='flex_column av-1gc2b-b7917d4bcbb2c860e0228a97247add8f av_one_third  avia-builder-el-6  el_after_av_two_third  avia-builder-el-last  flex_column_div column-top-margin'   ><p><div  class='avia-button-wrap avia-button-center  avia-builder-el-7  el_before_av_hr  avia-builder-el-first ' >\n<style type=\"text\/css\" data-created_by=\"avia_inline_auto\" id=\"style-css-av-l1mzraal-d047e5b2410312bf05a5059e3498b0c9\">\n@keyframes av_sonarEffect_av-l1mzraal-d047e5b2410312bf05a5059e3498b0c9 {\n  0% {opacity: 0.3;}\n 40% {opacity: 0.5; box-shadow: 0 0 0 2px rgba(255,255,255,0.1), 0 0 10px 10px #b02b2c, 0 0 0 10px rgba(255,255,255,0.5);}\n100% {opacity: 0; box-shadow: 0 0 0 2px rgba(255,255,255,0.1), 0 0 10px 10px #b02b2c, 0 0 0 10px rgba(255,255,255,0.5); -webkit-transform: scale(1.1); transform: scale(1.1);}\n}\n@-webkit-keyframes av_sonarEffect_av-l1mzraal-d047e5b2410312bf05a5059e3498b0c9 {\n  0% {opacity: 0.3;}\n 40% {opacity: 0.5; box-shadow: 0 0 0 2px rgba(255,255,255,0.1), 0 0 10px 10px #b02b2c, 0 0 0 10px rgba(255,255,255,0.5);}\n100% {opacity: 0; box-shadow: 0 0 0 2px rgba(255,255,255,0.1), 0 0 10px 10px #b02b2c, 0 0 0 10px rgba(255,255,255,0.5); -webkit-transform: scale(1.1); transform: scale(1.1);}\n}\n#top #wrap_all .avia-button.av-l1mzraal-d047e5b2410312bf05a5059e3498b0c9:hover{\ncolor:white;\ntransition:all 0.4s ease-in-out;\n-webkit-transition:all 0.4s ease-in-out;\n-moz-transition:all 0.4s ease-in-out;\n-ms-transition:all 0.4s ease-in-out;\n-o-transition:all 0.4s ease-in-out;\n}\n.avia-button.av-l1mzraal-d047e5b2410312bf05a5059e3498b0c9.avia-sonar-shadow:after{\nanimation:av_sonarEffect_av-l1mzraal-d047e5b2410312bf05a5059e3498b0c9 1.5s ease-in-out .1s infinite;\n-webkit-animation:av_sonarEffect_av-l1mzraal-d047e5b2410312bf05a5059e3498b0c9 1.5s ease-in-out .1s infinite;\n-moz-animation:av_sonarEffect_av-l1mzraal-d047e5b2410312bf05a5059e3498b0c9 1.5s ease-in-out .1s infinite;\n-o-animation:av_sonarEffect_av-l1mzraal-d047e5b2410312bf05a5059e3498b0c9 1.5s ease-in-out .1s infinite;\n}\n<\/style>\n<a href='tel:+18097101845' class='avia-color-theme-color avia-font-color-theme-color avia-sonar-shadow avia-button avia-button-fullwidth av-l1mzraal-d047e5b2410312bf05a5059e3498b0c9 avia-icon_select-yes-left-icon avia-color-theme-color ' ><span class='avia_button_icon avia_button_icon_left' aria-hidden='true' data-av_icon='\ue854' data-av_iconfont='entypo-fontello'><\/span><span class='avia_iconbox_title' >CONSULTAR AHORA<\/span><div class='av-button-description av-button-description-below'><p>+1-809-710-1845<\/p>\n<\/div><span class='avia_button_background avia-button avia-button-fullwidth avia-color-theme-color-highlight'><\/span><\/a><\/div><br \/>\n<div  class='hr av-ojzj-d5b02ca28fb5e7ca0c9cee91fd5dd515 hr-default  avia-builder-el-8  el_after_av_button_big  el_before_av_image  avia-builder-el-first  '><span class='hr-inner '><span class=\"hr-inner-style\"><\/span><\/span><\/div><br \/>\n\n<style type=\"text\/css\" data-created_by=\"avia_inline_auto\" id=\"style-css-av-l0ffejz7-fa648b6bd8f37efa5ec3223ea60d0c15\">\n.avia-image-container.av-l0ffejz7-fa648b6bd8f37efa5ec3223ea60d0c15 .av-image-caption-overlay-center{\ncolor:#ffffff;\n}\n<\/style>\n<div  class='avia-image-container av-l0ffejz7-fa648b6bd8f37efa5ec3223ea60d0c15 av-styling- avia_animated_image avia_animate_when_almost_visible fade-in avia-align-center  avia-builder-el-9  el_after_av_hr  el_before_av_image  '  itemprop=\"image\" itemscope=\"itemscope\" itemtype=\"https:\/\/schema.org\/ImageObject\" ><div class=\"avia-image-container-inner\"><div class=\"avia-image-overlay-wrap\"><img decoding=\"async\" class='wp-image-21 avia-img-lazy-loading-not-21 avia_image' src=\"https:\/\/nbsime.com\/site\/wp-content\/uploads\/2022\/03\/logonbsime1-e1646783123967.png\" alt='' title='logonbsime1'  height=\"128\" width=\"291\"  itemprop=\"thumbnailUrl\"  \/><\/div><\/div><\/div><br \/>\n\n<style type=\"text\/css\" data-created_by=\"avia_inline_auto\" id=\"style-css-av-l0jsfllm-10819e98b1646e5a5ecb9a30f2934f7f\">\n.avia-image-container.av-l0jsfllm-10819e98b1646e5a5ecb9a30f2934f7f .av-image-caption-overlay-center{\ncolor:#ffffff;\n}\n<\/style>\n<div  class='avia-image-container av-l0jsfllm-10819e98b1646e5a5ecb9a30f2934f7f av-styling- avia_animated_image avia_animate_when_almost_visible fade-in avia-align-center  avia-builder-el-10  el_after_av_image  el_before_av_hr  '  itemprop=\"image\" itemscope=\"itemscope\" itemtype=\"https:\/\/schema.org\/ImageObject\" ><div class=\"avia-image-container-inner\"><div class=\"avia-image-overlay-wrap\"><img decoding=\"async\" class='wp-image-185 avia-img-lazy-loading-not-185 avia_image' src=\"https:\/\/nbsime.com\/site\/wp-content\/uploads\/2022\/03\/WhatsApp-Image-2022-03-08-at-5.18.16-PM.jpeg\" alt='' title='WhatsApp Image 2022-03-08 at 5.18.16 PM'  height=\"210\" width=\"750\"  itemprop=\"thumbnailUrl\" srcset=\"https:\/\/nbsime.com\/site\/wp-content\/uploads\/2022\/03\/WhatsApp-Image-2022-03-08-at-5.18.16-PM.jpeg 750w, https:\/\/nbsime.com\/site\/wp-content\/uploads\/2022\/03\/WhatsApp-Image-2022-03-08-at-5.18.16-PM-300x84.jpeg 300w, https:\/\/nbsime.com\/site\/wp-content\/uploads\/2022\/03\/WhatsApp-Image-2022-03-08-at-5.18.16-PM-705x197.jpeg 705w\" sizes=\"(max-width: 750px) 100vw, 750px\" \/><\/div><\/div><\/div><br \/>\n\n<style type=\"text\/css\" data-created_by=\"avia_inline_auto\" id=\"style-css-av-pddv-66aedf7805ebac2a3beb6161be53f034\">\n#top .hr.hr-invisible.av-pddv-66aedf7805ebac2a3beb6161be53f034{\nheight:50px;\n}\n<\/style>\n<div  class='hr av-pddv-66aedf7805ebac2a3beb6161be53f034 hr-invisible  avia-builder-el-11  el_after_av_image  el_before_av_image  '><span class='hr-inner '><span class=\"hr-inner-style\"><\/span><\/span><\/div><br \/>\n\n<style type=\"text\/css\" data-created_by=\"avia_inline_auto\" id=\"style-css-av-l0ffex6y-f5589fc883ebe027656a16b6f3dfa1e3\">\n.avia-image-container.av-l0ffex6y-f5589fc883ebe027656a16b6f3dfa1e3 .av-image-caption-overlay-center{\ncolor:#ffffff;\n}\n<\/style>\n<div  class='avia-image-container av-l0ffex6y-f5589fc883ebe027656a16b6f3dfa1e3 av-styling- avia_animated_image avia_animate_when_almost_visible fade-in avia-align-center  avia-builder-el-12  el_after_av_hr  avia-builder-el-last  '  itemprop=\"image\" itemscope=\"itemscope\" itemtype=\"https:\/\/schema.org\/ImageObject\" ><div class=\"avia-image-container-inner\"><div class=\"avia-image-overlay-wrap\"><img decoding=\"async\" class='wp-image-36 avia-img-lazy-loading-not-36 avia_image' src=\"https:\/\/nbsime.com\/site\/wp-content\/uploads\/2022\/03\/nbsime-sgia-member.png\" alt='' title='nbsime-sgia-member'  height=\"192\" width=\"280\"  itemprop=\"thumbnailUrl\"  \/><\/div><\/div><\/div><\/p><\/div>\n","protected":false},"excerpt":{"rendered":"","protected":false},"author":1,"featured_media":69,"parent":0,"menu_order":0,"comment_status":"closed","ping_status":"closed","template":"","meta":{"footnotes":""},"class_list":["post-47","page","type-page","status-publish","has-post-thumbnail","hentry"],"yoast_head":"<!-- This site is optimized with the Yoast SEO plugin v18.3 - https:\/\/yoast.com\/wordpress\/plugins\/seo\/ -->\n<title>CONTACTO - NBsim\u00e9<\/title>\n<meta name=\"description\" content=\"NBsim\u00e9 somos consultor\u00eda y estrategias, escr\u00edbenos para que podamos desarrollar el mejor plan que se ajuste a tus necesidades.\" \/>\n<meta name=\"robots\" content=\"index, follow, max-snippet:-1, max-image-preview:large, max-video-preview:-1\" \/>\n<link rel=\"canonical\" href=\"https:\/\/nbsime.com\/site\/contacto\/\" \/>\n<meta property=\"og:locale\" content=\"es_ES\" \/>\n<meta property=\"og:type\" content=\"article\" \/>\n<meta property=\"og:title\" content=\"CONTACTO - NBsim\u00e9\" \/>\n<meta property=\"og:description\" content=\"NBsim\u00e9 somos consultor\u00eda y estrategias, escr\u00edbenos para que podamos desarrollar el mejor plan que se ajuste a tus necesidades.\" \/>\n<meta property=\"og:url\" content=\"https:\/\/nbsime.com\/site\/contacto\/\" \/>\n<meta property=\"og:site_name\" content=\"NBsim\u00e9\" \/>\n<meta property=\"article:modified_time\" content=\"2022-04-06T03:10:22+00:00\" \/>\n<meta property=\"og:image\" content=\"https:\/\/nbsime.com\/site\/wp-content\/uploads\/2022\/03\/contactos.jpg\" \/>\n\t<meta property=\"og:image:width\" content=\"1598\" \/>\n\t<meta property=\"og:image:height\" content=\"616\" \/>\n\t<meta property=\"og:image:type\" content=\"image\/jpeg\" \/>\n<meta name=\"twitter:card\" content=\"summary_large_image\" \/>\n<meta name=\"twitter:label1\" content=\"Tiempo de lectura\" \/>\n\t<meta name=\"twitter:data1\" content=\"3 minutos\" \/>\n<script type=\"application\/ld+json\" class=\"yoast-schema-graph\">{\"@context\":\"https:\/\/schema.org\",\"@graph\":[{\"@type\":\"WebSite\",\"@id\":\"https:\/\/nbsime.com\/site\/#website\",\"url\":\"https:\/\/nbsime.com\/site\/\",\"name\":\"NBsim\u00e9\",\"description\":\"Estrategias y Consultor\u00eda\",\"potentialAction\":[{\"@type\":\"SearchAction\",\"target\":{\"@type\":\"EntryPoint\",\"urlTemplate\":\"https:\/\/nbsime.com\/site\/?s={search_term_string}\"},\"query-input\":\"required name=search_term_string\"}],\"inLanguage\":\"es\"},{\"@type\":\"ImageObject\",\"@id\":\"https:\/\/nbsime.com\/site\/contacto\/#primaryimage\",\"inLanguage\":\"es\",\"url\":\"https:\/\/nbsime.com\/site\/wp-content\/uploads\/2022\/03\/contactos.jpg\",\"contentUrl\":\"https:\/\/nbsime.com\/site\/wp-content\/uploads\/2022\/03\/contactos.jpg\",\"width\":1598,\"height\":616},{\"@type\":\"WebPage\",\"@id\":\"https:\/\/nbsime.com\/site\/contacto\/#webpage\",\"url\":\"https:\/\/nbsime.com\/site\/contacto\/\",\"name\":\"CONTACTO - NBsim\u00e9\",\"isPartOf\":{\"@id\":\"https:\/\/nbsime.com\/site\/#website\"},\"primaryImageOfPage\":{\"@id\":\"https:\/\/nbsime.com\/site\/contacto\/#primaryimage\"},\"datePublished\":\"2022-03-06T15:29:42+00:00\",\"dateModified\":\"2022-04-06T03:10:22+00:00\",\"description\":\"NBsim\u00e9 somos consultor\u00eda y estrategias, escr\u00edbenos para que podamos desarrollar el mejor plan que se ajuste a tus necesidades.\",\"breadcrumb\":{\"@id\":\"https:\/\/nbsime.com\/site\/contacto\/#breadcrumb\"},\"inLanguage\":\"es\",\"potentialAction\":[{\"@type\":\"ReadAction\",\"target\":[\"https:\/\/nbsime.com\/site\/contacto\/\"]}]},{\"@type\":\"BreadcrumbList\",\"@id\":\"https:\/\/nbsime.com\/site\/contacto\/#breadcrumb\",\"itemListElement\":[{\"@type\":\"ListItem\",\"position\":1,\"name\":\"Portada\",\"item\":\"https:\/\/nbsime.com\/site\/\"},{\"@type\":\"ListItem\",\"position\":2,\"name\":\"CONTACTO\"}]}]}<\/script>\n<!-- \/ Yoast SEO plugin. -->","yoast_head_json":{"title":"CONTACTO - NBsim\u00e9","description":"NBsim\u00e9 somos consultor\u00eda y estrategias, escr\u00edbenos para que podamos desarrollar el mejor plan que se ajuste a tus necesidades.","robots":{"index":"index","follow":"follow","max-snippet":"max-snippet:-1","max-image-preview":"max-image-preview:large","max-video-preview":"max-video-preview:-1"},"canonical":"https:\/\/nbsime.com\/site\/contacto\/","og_locale":"es_ES","og_type":"article","og_title":"CONTACTO - NBsim\u00e9","og_description":"NBsim\u00e9 somos consultor\u00eda y estrategias, escr\u00edbenos para que podamos desarrollar el mejor plan que se ajuste a tus necesidades.","og_url":"https:\/\/nbsime.com\/site\/contacto\/","og_site_name":"NBsim\u00e9","article_modified_time":"2022-04-06T03:10:22+00:00","og_image":[{"width":1598,"height":616,"url":"https:\/\/nbsime.com\/site\/wp-content\/uploads\/2022\/03\/contactos.jpg","type":"image\/jpeg"}],"twitter_card":"summary_large_image","twitter_misc":{"Tiempo de lectura":"3 minutos"},"schema":{"@context":"https:\/\/schema.org","@graph":[{"@type":"WebSite","@id":"https:\/\/nbsime.com\/site\/#website","url":"https:\/\/nbsime.com\/site\/","name":"NBsim\u00e9","description":"Estrategias y Consultor\u00eda","potentialAction":[{"@type":"SearchAction","target":{"@type":"EntryPoint","urlTemplate":"https:\/\/nbsime.com\/site\/?s={search_term_string}"},"query-input":"required name=search_term_string"}],"inLanguage":"es"},{"@type":"ImageObject","@id":"https:\/\/nbsime.com\/site\/contacto\/#primaryimage","inLanguage":"es","url":"https:\/\/nbsime.com\/site\/wp-content\/uploads\/2022\/03\/contactos.jpg","contentUrl":"https:\/\/nbsime.com\/site\/wp-content\/uploads\/2022\/03\/contactos.jpg","width":1598,"height":616},{"@type":"WebPage","@id":"https:\/\/nbsime.com\/site\/contacto\/#webpage","url":"https:\/\/nbsime.com\/site\/contacto\/","name":"CONTACTO - NBsim\u00e9","isPartOf":{"@id":"https:\/\/nbsime.com\/site\/#website"},"primaryImageOfPage":{"@id":"https:\/\/nbsime.com\/site\/contacto\/#primaryimage"},"datePublished":"2022-03-06T15:29:42+00:00","dateModified":"2022-04-06T03:10:22+00:00","description":"NBsim\u00e9 somos consultor\u00eda y estrategias, escr\u00edbenos para que podamos desarrollar el mejor plan que se ajuste a tus necesidades.","breadcrumb":{"@id":"https:\/\/nbsime.com\/site\/contacto\/#breadcrumb"},"inLanguage":"es","potentialAction":[{"@type":"ReadAction","target":["https:\/\/nbsime.com\/site\/contacto\/"]}]},{"@type":"BreadcrumbList","@id":"https:\/\/nbsime.com\/site\/contacto\/#breadcrumb","itemListElement":[{"@type":"ListItem","position":1,"name":"Portada","item":"https:\/\/nbsime.com\/site\/"},{"@type":"ListItem","position":2,"name":"CONTACTO"}]}]}},"_links":{"self":[{"href":"https:\/\/nbsime.com\/site\/wp-json\/wp\/v2\/pages\/47","targetHints":{"allow":["GET"]}}],"collection":[{"href":"https:\/\/nbsime.com\/site\/wp-json\/wp\/v2\/pages"}],"about":[{"href":"https:\/\/nbsime.com\/site\/wp-json\/wp\/v2\/types\/page"}],"author":[{"embeddable":true,"href":"https:\/\/nbsime.com\/site\/wp-json\/wp\/v2\/users\/1"}],"replies":[{"embeddable":true,"href":"https:\/\/nbsime.com\/site\/wp-json\/wp\/v2\/comments?post=47"}],"version-history":[{"count":11,"href":"https:\/\/nbsime.com\/site\/wp-json\/wp\/v2\/pages\/47\/revisions"}],"predecessor-version":[{"id":310,"href":"https:\/\/nbsime.com\/site\/wp-json\/wp\/v2\/pages\/47\/revisions\/310"}],"wp:featuredmedia":[{"embeddable":true,"href":"https:\/\/nbsime.com\/site\/wp-json\/wp\/v2\/media\/69"}],"wp:attachment":[{"href":"https:\/\/nbsime.com\/site\/wp-json\/wp\/v2\/media?parent=47"}],"curies":[{"name":"wp","href":"https:\/\/api.w.org\/{rel}","templated":true}]}}