{"id":53,"date":"2022-03-06T16:48:21","date_gmt":"2022-03-06T16:48:21","guid":{"rendered":"https:\/\/nbsime.com\/site\/?page_id=53"},"modified":"2022-03-09T20:58:27","modified_gmt":"2022-03-09T20:58:27","slug":"la-empresa","status":"publish","type":"page","link":"https:\/\/nbsime.com\/site\/la-empresa\/","title":{"rendered":"LA EMPRESA"},"content":{"rendered":"\n<style type=\"text\/css\" data-created_by=\"avia_inline_auto\" id=\"style-css-av-l0fi7qxo-05bfdb82338492fabfd56a6e00c7f278\">\n.avia-section.av-l0fi7qxo-05bfdb82338492fabfd56a6e00c7f278 .av-parallax .av-parallax-inner{\nbackground-repeat:no-repeat;\nbackground-image:url(https:\/\/nbsime.com\/site\/wp-content\/uploads\/2022\/03\/bg2.jpg);\nbackground-position:50% 50%;\nbackground-attachment:scroll;\n}\n<\/style>\n<div id='av_section_1'  class='avia-section av-l0fi7qxo-05bfdb82338492fabfd56a6e00c7f278 main_color avia-section-default avia-no-border-styling  avia-builder-el-0  el_before_av_one_full  avia-builder-el-first  avia-full-stretch av-parallax-section avia-bg-style-parallax  container_wrap sidebar_right'  data-section-bg-repeat='stretch'><div class='av-parallax' data-avia-parallax-ratio='0.3' ><div class='av-parallax-inner main_color avia-full-stretch'><\/div><\/div><div class='container av-section-cont-open' ><main  role=\"main\" itemprop=\"mainContentOfPage\"  class='template-page content  av-content-small alpha units'><div class='post-entry post-entry-type-page post-entry-53'><div class='entry-content-wrapper clearfix'>\n\n<style type=\"text\/css\" data-created_by=\"avia_inline_auto\" id=\"style-css-av-l0fi693m-c2607f283f4dc36f506e3abc36ebc489\">\n.avia-image-container.av-l0fi693m-c2607f283f4dc36f506e3abc36ebc489 .av-image-caption-overlay-center{\ncolor:#ffffff;\n}\n<\/style>\n<div  class='avia-image-container av-l0fi693m-c2607f283f4dc36f506e3abc36ebc489 av-styling- avia_animated_image avia_animate_when_almost_visible right-to-left avia-align-left  avia-builder-el-1  avia-builder-el-no-sibling  '  itemprop=\"image\" itemscope=\"itemscope\" itemtype=\"https:\/\/schema.org\/ImageObject\" ><div class=\"avia-image-container-inner\"><div class=\"avia-image-overlay-wrap\"><img decoding=\"async\" class='wp-image-58 avia-img-lazy-loading-not-58 avia_image' src=\"https:\/\/nbsime.com\/site\/wp-content\/uploads\/2022\/03\/La-empresa-300x109.png\" alt='' title='La empresa'  height=\"109\" width=\"300\"  itemprop=\"thumbnailUrl\" srcset=\"https:\/\/nbsime.com\/site\/wp-content\/uploads\/2022\/03\/La-empresa-300x109.png 300w, https:\/\/nbsime.com\/site\/wp-content\/uploads\/2022\/03\/La-empresa-1024x371.png 1024w, https:\/\/nbsime.com\/site\/wp-content\/uploads\/2022\/03\/La-empresa-768x278.png 768w, https:\/\/nbsime.com\/site\/wp-content\/uploads\/2022\/03\/La-empresa-705x255.png 705w, https:\/\/nbsime.com\/site\/wp-content\/uploads\/2022\/03\/La-empresa.png 1366w\" sizes=\"(max-width: 300px) 100vw, 300px\" \/><\/div><\/div><\/div>\n<\/div><\/div><\/main><!-- close content main element --><\/div><\/div><div id='after_section_1'  class='main_color av_default_container_wrap container_wrap sidebar_right'  ><div class='container av-section-cont-open' ><div class='template-page content  av-content-small alpha units'><div class='post-entry post-entry-type-page post-entry-53'><div class='entry-content-wrapper clearfix'>\n\n<style type=\"text\/css\" data-created_by=\"avia_inline_auto\" id=\"style-css-av-16r8l-37813d15c60770258ce32614e89d4be1\">\n.flex_column.av-16r8l-37813d15c60770258ce32614e89d4be1{\npadding:0 80px 0 80px;\n}\n<\/style>\n<div class='flex_column av-16r8l-37813d15c60770258ce32614e89d4be1 av_one_full  avia-builder-el-2  el_after_av_section  avia-builder-el-no-sibling  first flex_column_div '   ><p>\n<style type=\"text\/css\" data-created_by=\"avia_inline_auto\" id=\"style-css-av-l0fha14k-ee2a7edeec818986d362439e1176c2e3\">\n#top .hr.hr-invisible.av-l0fha14k-ee2a7edeec818986d362439e1176c2e3{\nheight:50px;\n}\n<\/style>\n<div  class='hr av-l0fha14k-ee2a7edeec818986d362439e1176c2e3 hr-invisible  avia-builder-el-3  el_before_av_textblock  avia-builder-el-first  '><span class='hr-inner '><span class=\"hr-inner-style\"><\/span><\/span><\/div><br \/>\n<section class=\"av_textblock_section \"  itemscope=\"itemscope\" itemtype=\"https:\/\/schema.org\/CreativeWork\" ><div class='avia_textblock  '  style='font-size:17px; '  itemprop=\"text\" ><p><strong>NBsim\u00e9 Estrategias y Consultor\u00eda:\u00a0<\/strong> Somos una empresa establecida al amparo de las Leyes Dominicanas desde el a\u00f1o 2001, con vasta experiencia y conocimiento de mercado, lo que nos ha permitido proveer una vasta cartera de servicios respaldada por una\u00a0 extraordinaria hoja de satisfacci\u00f3n general de los clientes a los que hemos tenido el privilegio de servir, muchos de los cuales se mantienen en nuestra carpeta de usuarios frecuentes desde hace m\u00e1s de 15 a\u00f1os.<\/p>\n<p>Proveemos servicios de dise\u00f1o, registro y hospedaje de sitios web, suministro de correos electr\u00f3nicos personalizados basados en la plataforma Google Workspace, \u00e1reas en las cuales la constancia y solidez del servicio han prevalecido en la preferencia de los clientes. En adici\u00f3n a ello tambi\u00e9n hemos ganado gran reputaci\u00f3n en \u00a0los paquetes de servicios de monitoreo y manejo de redes sociales y medios digitales, que sin dudas son la punta de lanza de las nuevas corrientes de mercadeo e imagen.<\/p>\n<p>Entre nuestros clientes m\u00e1s destacados se cuentan ONGs, instituciones p\u00fablicas, personalidades en el orden pol\u00edtico y comercial, as\u00ed como empresas privadas de primer orden en nuestro pa\u00eds para las cuales hemos desarrollado proyectos.<\/p>\n<p>Somos especialistas en dise\u00f1o y conceptualizaci\u00f3n de logotipos, isotipos, imagotipo y l\u00edneas gr\u00e1ficas corporativas o individuales, proveemos\u00a0 la mejor relaci\u00f3n costo\/tiempo de la producci\u00f3n gr\u00e1fica,\u00a0 sirviendo con calidad y rapidez\u00a0 a las personas, empresas e instituciones que nos conf\u00edan su imagen.<\/p>\n<p>Cuente con nosotros para sus necesidades de r\u00f3tulos, papeler\u00eda corporativa, art\u00edculos promocionales, se\u00f1al\u00e9tica, laminado de veh\u00edculos, letreros, e impresos en general.<\/p>\n<p>De igual modo, la representaci\u00f3n de marcas y servicios novedosos y atractivos nos ha permitido poner al alcance del mercado una serie de ofertas que han pautado una trayectoria innovadora y vers\u00e1til, dando como resultado respuestas efectivas en cada uno de los proyectos que nos son encomendados.<\/p>\n<\/div><\/section><\/p><\/div>\n","protected":false},"excerpt":{"rendered":"","protected":false},"author":1,"featured_media":0,"parent":0,"menu_order":0,"comment_status":"closed","ping_status":"closed","template":"","meta":{"footnotes":""},"class_list":["post-53","page","type-page","status-publish","hentry"],"yoast_head":"<!-- This site is optimized with the Yoast SEO plugin v18.3 - https:\/\/yoast.com\/wordpress\/plugins\/seo\/ -->\n<title>LA EMPRESA - NBsim\u00e9<\/title>\n<meta name=\"description\" content=\"Somos una empresa establecida al amparo de las Leyes Dominicanas desde el a\u00f1o 2001, con vasta experiencia y conocimiento de mercado.\" \/>\n<meta name=\"robots\" content=\"index, follow, max-snippet:-1, max-image-preview:large, max-video-preview:-1\" \/>\n<link rel=\"canonical\" href=\"https:\/\/nbsime.com\/site\/la-empresa\/\" \/>\n<meta property=\"og:locale\" content=\"es_ES\" \/>\n<meta property=\"og:type\" content=\"article\" \/>\n<meta property=\"og:title\" content=\"LA EMPRESA - NBsim\u00e9\" \/>\n<meta property=\"og:description\" content=\"Somos una empresa establecida al amparo de las Leyes Dominicanas desde el a\u00f1o 2001, con vasta experiencia y conocimiento de mercado.\" \/>\n<meta property=\"og:url\" content=\"https:\/\/nbsime.com\/site\/la-empresa\/\" \/>\n<meta property=\"og:site_name\" content=\"NBsim\u00e9\" \/>\n<meta property=\"article:modified_time\" content=\"2022-03-09T20:58:27+00:00\" \/>\n<meta name=\"twitter:card\" content=\"summary_large_image\" \/>\n<meta name=\"twitter:label1\" content=\"Tiempo de lectura\" \/>\n\t<meta name=\"twitter:data1\" content=\"3 minutos\" \/>\n<script type=\"application\/ld+json\" class=\"yoast-schema-graph\">{\"@context\":\"https:\/\/schema.org\",\"@graph\":[{\"@type\":\"WebSite\",\"@id\":\"https:\/\/nbsime.com\/site\/#website\",\"url\":\"https:\/\/nbsime.com\/site\/\",\"name\":\"NBsim\u00e9\",\"description\":\"Estrategias y Consultor\u00eda\",\"potentialAction\":[{\"@type\":\"SearchAction\",\"target\":{\"@type\":\"EntryPoint\",\"urlTemplate\":\"https:\/\/nbsime.com\/site\/?s={search_term_string}\"},\"query-input\":\"required name=search_term_string\"}],\"inLanguage\":\"es\"},{\"@type\":\"WebPage\",\"@id\":\"https:\/\/nbsime.com\/site\/la-empresa\/#webpage\",\"url\":\"https:\/\/nbsime.com\/site\/la-empresa\/\",\"name\":\"LA EMPRESA - NBsim\u00e9\",\"isPartOf\":{\"@id\":\"https:\/\/nbsime.com\/site\/#website\"},\"datePublished\":\"2022-03-06T16:48:21+00:00\",\"dateModified\":\"2022-03-09T20:58:27+00:00\",\"description\":\"Somos una empresa establecida al amparo de las Leyes Dominicanas desde el a\u00f1o 2001, con vasta experiencia y conocimiento de mercado.\",\"breadcrumb\":{\"@id\":\"https:\/\/nbsime.com\/site\/la-empresa\/#breadcrumb\"},\"inLanguage\":\"es\",\"potentialAction\":[{\"@type\":\"ReadAction\",\"target\":[\"https:\/\/nbsime.com\/site\/la-empresa\/\"]}]},{\"@type\":\"BreadcrumbList\",\"@id\":\"https:\/\/nbsime.com\/site\/la-empresa\/#breadcrumb\",\"itemListElement\":[{\"@type\":\"ListItem\",\"position\":1,\"name\":\"Portada\",\"item\":\"https:\/\/nbsime.com\/site\/\"},{\"@type\":\"ListItem\",\"position\":2,\"name\":\"LA EMPRESA\"}]}]}<\/script>\n<!-- \/ Yoast SEO plugin. -->","yoast_head_json":{"title":"LA EMPRESA - NBsim\u00e9","description":"Somos una empresa establecida al amparo de las Leyes Dominicanas desde el a\u00f1o 2001, con vasta experiencia y conocimiento de mercado.","robots":{"index":"index","follow":"follow","max-snippet":"max-snippet:-1","max-image-preview":"max-image-preview:large","max-video-preview":"max-video-preview:-1"},"canonical":"https:\/\/nbsime.com\/site\/la-empresa\/","og_locale":"es_ES","og_type":"article","og_title":"LA EMPRESA - NBsim\u00e9","og_description":"Somos una empresa establecida al amparo de las Leyes Dominicanas desde el a\u00f1o 2001, con vasta experiencia y conocimiento de mercado.","og_url":"https:\/\/nbsime.com\/site\/la-empresa\/","og_site_name":"NBsim\u00e9","article_modified_time":"2022-03-09T20:58:27+00:00","twitter_card":"summary_large_image","twitter_misc":{"Tiempo de lectura":"3 minutos"},"schema":{"@context":"https:\/\/schema.org","@graph":[{"@type":"WebSite","@id":"https:\/\/nbsime.com\/site\/#website","url":"https:\/\/nbsime.com\/site\/","name":"NBsim\u00e9","description":"Estrategias y Consultor\u00eda","potentialAction":[{"@type":"SearchAction","target":{"@type":"EntryPoint","urlTemplate":"https:\/\/nbsime.com\/site\/?s={search_term_string}"},"query-input":"required name=search_term_string"}],"inLanguage":"es"},{"@type":"WebPage","@id":"https:\/\/nbsime.com\/site\/la-empresa\/#webpage","url":"https:\/\/nbsime.com\/site\/la-empresa\/","name":"LA EMPRESA - NBsim\u00e9","isPartOf":{"@id":"https:\/\/nbsime.com\/site\/#website"},"datePublished":"2022-03-06T16:48:21+00:00","dateModified":"2022-03-09T20:58:27+00:00","description":"Somos una empresa establecida al amparo de las Leyes Dominicanas desde el a\u00f1o 2001, con vasta experiencia y conocimiento de mercado.","breadcrumb":{"@id":"https:\/\/nbsime.com\/site\/la-empresa\/#breadcrumb"},"inLanguage":"es","potentialAction":[{"@type":"ReadAction","target":["https:\/\/nbsime.com\/site\/la-empresa\/"]}]},{"@type":"BreadcrumbList","@id":"https:\/\/nbsime.com\/site\/la-empresa\/#breadcrumb","itemListElement":[{"@type":"ListItem","position":1,"name":"Portada","item":"https:\/\/nbsime.com\/site\/"},{"@type":"ListItem","position":2,"name":"LA EMPRESA"}]}]}},"_links":{"self":[{"href":"https:\/\/nbsime.com\/site\/wp-json\/wp\/v2\/pages\/53","targetHints":{"allow":["GET"]}}],"collection":[{"href":"https:\/\/nbsime.com\/site\/wp-json\/wp\/v2\/pages"}],"about":[{"href":"https:\/\/nbsime.com\/site\/wp-json\/wp\/v2\/types\/page"}],"author":[{"embeddable":true,"href":"https:\/\/nbsime.com\/site\/wp-json\/wp\/v2\/users\/1"}],"replies":[{"embeddable":true,"href":"https:\/\/nbsime.com\/site\/wp-json\/wp\/v2\/comments?post=53"}],"version-history":[{"count":13,"href":"https:\/\/nbsime.com\/site\/wp-json\/wp\/v2\/pages\/53\/revisions"}],"predecessor-version":[{"id":293,"href":"https:\/\/nbsime.com\/site\/wp-json\/wp\/v2\/pages\/53\/revisions\/293"}],"wp:attachment":[{"href":"https:\/\/nbsime.com\/site\/wp-json\/wp\/v2\/media?parent=53"}],"curies":[{"name":"wp","href":"https:\/\/api.w.org\/{rel}","templated":true}]}}