{"id":147,"date":"2014-12-11T04:59:19","date_gmt":"2014-12-11T04:59:19","guid":{"rendered":"http:\/\/nbsime.com\/web\/?page_id=147"},"modified":"2015-07-24T21:03:17","modified_gmt":"2015-07-24T21:03:17","slug":"impresos-y-publicaciones","status":"publish","type":"page","link":"https:\/\/nbsime.com\/web\/servicios-2\/impresos-y-publicaciones\/","title":{"rendered":"Impresos y Publicaciones"},"content":{"rendered":"<p style=\"text-align: justify;\"><strong><a href=\"https:\/\/nbsime.com\/web\/wp-content\/uploads\/2014\/12\/publicaciones.png\"><img loading=\"lazy\" class=\"aligncenter size-full wp-image-291\" src=\"https:\/\/nbsime.com\/web\/wp-content\/uploads\/2014\/12\/publicaciones.png\" alt=\"publicaciones\" width=\"700\" height=\"294\" srcset=\"https:\/\/nbsime.com\/web\/wp-content\/uploads\/2014\/12\/publicaciones.png 700w, https:\/\/nbsime.com\/web\/wp-content\/uploads\/2014\/12\/publicaciones-300x126.png 300w, https:\/\/nbsime.com\/web\/wp-content\/uploads\/2014\/12\/publicaciones-400x168.png 400w\" sizes=\"(max-width: 700px) 100vw, 700px\" \/><\/a>:: Publicaciones:<\/strong> Formulaci\u00f3n de planes operativos y de acci\u00f3n relativos a los tipos, escalas, diversidad y distribuci\u00f3n de campa\u00f1as publicitarias.<\/p>\n<p style=\"text-align: justify;\">:: Dise\u00f1o, consultor\u00eda y gesti\u00f3n para la impresi\u00f3n de brochures, memorias, carteles, volantes, encartes, perfiles corporativos, y toda clase de impresos institucionales.<\/p>\n","protected":false},"excerpt":{"rendered":"<p>:: Publicaciones: Formulaci\u00f3n de planes operativos y de acci\u00f3n relativos a los tipos, escalas, diversidad y distribuci\u00f3n de campa\u00f1as publicitarias. :: Dise\u00f1o, consultor\u00eda y gesti\u00f3n para la impresi\u00f3n de brochures,\u2026 <a href=\"https:\/\/nbsime.com\/web\/servicios-2\/impresos-y-publicaciones\/\" class=\"read-more-link\">read more &rarr;<\/a><\/p>\n","protected":false},"author":1,"featured_media":278,"parent":143,"menu_order":0,"comment_status":"open","ping_status":"open","template":"page-side-navigation.php","meta":[],"yoast_head":"<!-- This site is optimized with the Yoast SEO plugin v19.0 - https:\/\/yoast.com\/wordpress\/plugins\/seo\/ -->\n<title>Impresos y Publicaciones - NBSim\u00e9 I Comunicaci\u00f3n Gr\u00e1fica<\/title>\n<meta name=\"robots\" content=\"index, follow, max-snippet:-1, max-image-preview:large, max-video-preview:-1\" \/>\n<link rel=\"canonical\" href=\"https:\/\/nbsime.com\/web\/servicios-2\/impresos-y-publicaciones\/\" \/>\n<meta property=\"og:locale\" content=\"en_US\" \/>\n<meta property=\"og:type\" content=\"article\" \/>\n<meta property=\"og:title\" content=\"Impresos y Publicaciones - NBSim\u00e9 I Comunicaci\u00f3n Gr\u00e1fica\" \/>\n<meta property=\"og:description\" content=\":: Publicaciones: Formulaci\u00f3n de planes operativos y de acci\u00f3n relativos a los tipos, escalas, diversidad y distribuci\u00f3n de campa\u00f1as publicitarias. :: Dise\u00f1o, consultor\u00eda y gesti\u00f3n para la impresi\u00f3n de brochures,\u2026 read more &rarr;\" \/>\n<meta property=\"og:url\" content=\"https:\/\/nbsime.com\/web\/servicios-2\/impresos-y-publicaciones\/\" \/>\n<meta property=\"og:site_name\" content=\"NBSim\u00e9 I Comunicaci\u00f3n Gr\u00e1fica\" \/>\n<meta property=\"article:modified_time\" content=\"2015-07-24T21:03:17+00:00\" \/>\n<meta property=\"og:image\" content=\"https:\/\/nbsime.com\/web\/wp-content\/uploads\/2014\/12\/impresos.jpeg\" \/>\n\t<meta property=\"og:image:width\" content=\"1280\" \/>\n\t<meta property=\"og:image:height\" content=\"800\" \/>\n\t<meta property=\"og:image:type\" content=\"image\/jpeg\" \/>\n<meta name=\"twitter:card\" content=\"summary_large_image\" \/>\n<script type=\"application\/ld+json\" class=\"yoast-schema-graph\">{\"@context\":\"https:\/\/schema.org\",\"@graph\":[{\"@type\":\"WebSite\",\"@id\":\"https:\/\/nbsime.com\/web\/#website\",\"url\":\"https:\/\/nbsime.com\/web\/\",\"name\":\"NBSim\u00e9 I Comunicaci\u00f3n Gr\u00e1fica\",\"description\":\"Comunicaci\u00f3n Gr\u00e1fica\",\"potentialAction\":[{\"@type\":\"SearchAction\",\"target\":{\"@type\":\"EntryPoint\",\"urlTemplate\":\"https:\/\/nbsime.com\/web\/?s={search_term_string}\"},\"query-input\":\"required name=search_term_string\"}],\"inLanguage\":\"en-US\"},{\"@type\":\"ImageObject\",\"inLanguage\":\"en-US\",\"@id\":\"https:\/\/nbsime.com\/web\/servicios-2\/impresos-y-publicaciones\/#primaryimage\",\"url\":\"https:\/\/nbsime.com\/web\/wp-content\/uploads\/2014\/12\/impresos.jpeg\",\"contentUrl\":\"https:\/\/nbsime.com\/web\/wp-content\/uploads\/2014\/12\/impresos.jpeg\",\"width\":1280,\"height\":800},{\"@type\":\"WebPage\",\"@id\":\"https:\/\/nbsime.com\/web\/servicios-2\/impresos-y-publicaciones\/#webpage\",\"url\":\"https:\/\/nbsime.com\/web\/servicios-2\/impresos-y-publicaciones\/\",\"name\":\"Impresos y Publicaciones - NBSim\u00e9 I Comunicaci\u00f3n Gr\u00e1fica\",\"isPartOf\":{\"@id\":\"https:\/\/nbsime.com\/web\/#website\"},\"primaryImageOfPage\":{\"@id\":\"https:\/\/nbsime.com\/web\/servicios-2\/impresos-y-publicaciones\/#primaryimage\"},\"datePublished\":\"2014-12-11T04:59:19+00:00\",\"dateModified\":\"2015-07-24T21:03:17+00:00\",\"breadcrumb\":{\"@id\":\"https:\/\/nbsime.com\/web\/servicios-2\/impresos-y-publicaciones\/#breadcrumb\"},\"inLanguage\":\"en-US\",\"potentialAction\":[{\"@type\":\"ReadAction\",\"target\":[\"https:\/\/nbsime.com\/web\/servicios-2\/impresos-y-publicaciones\/\"]}]},{\"@type\":\"BreadcrumbList\",\"@id\":\"https:\/\/nbsime.com\/web\/servicios-2\/impresos-y-publicaciones\/#breadcrumb\",\"itemListElement\":[{\"@type\":\"ListItem\",\"position\":1,\"name\":\"Home\",\"item\":\"https:\/\/nbsime.com\/web\/\"},{\"@type\":\"ListItem\",\"position\":2,\"name\":\"Servicios\",\"item\":\"https:\/\/nbsime.com\/web\/servicios-2\/\"},{\"@type\":\"ListItem\",\"position\":3,\"name\":\"Impresos y Publicaciones\"}]}]}<\/script>\n<!-- \/ Yoast SEO plugin. -->","yoast_head_json":{"title":"Impresos y Publicaciones - NBSim\u00e9 I Comunicaci\u00f3n Gr\u00e1fica","robots":{"index":"index","follow":"follow","max-snippet":"max-snippet:-1","max-image-preview":"max-image-preview:large","max-video-preview":"max-video-preview:-1"},"canonical":"https:\/\/nbsime.com\/web\/servicios-2\/impresos-y-publicaciones\/","og_locale":"en_US","og_type":"article","og_title":"Impresos y Publicaciones - NBSim\u00e9 I Comunicaci\u00f3n Gr\u00e1fica","og_description":":: Publicaciones: Formulaci\u00f3n de planes operativos y de acci\u00f3n relativos a los tipos, escalas, diversidad y distribuci\u00f3n de campa\u00f1as publicitarias. :: Dise\u00f1o, consultor\u00eda y gesti\u00f3n para la impresi\u00f3n de brochures,\u2026 read more &rarr;","og_url":"https:\/\/nbsime.com\/web\/servicios-2\/impresos-y-publicaciones\/","og_site_name":"NBSim\u00e9 I Comunicaci\u00f3n Gr\u00e1fica","article_modified_time":"2015-07-24T21:03:17+00:00","og_image":[{"width":1280,"height":800,"url":"https:\/\/nbsime.com\/web\/wp-content\/uploads\/2014\/12\/impresos.jpeg","type":"image\/jpeg"}],"twitter_card":"summary_large_image","schema":{"@context":"https:\/\/schema.org","@graph":[{"@type":"WebSite","@id":"https:\/\/nbsime.com\/web\/#website","url":"https:\/\/nbsime.com\/web\/","name":"NBSim\u00e9 I Comunicaci\u00f3n Gr\u00e1fica","description":"Comunicaci\u00f3n Gr\u00e1fica","potentialAction":[{"@type":"SearchAction","target":{"@type":"EntryPoint","urlTemplate":"https:\/\/nbsime.com\/web\/?s={search_term_string}"},"query-input":"required name=search_term_string"}],"inLanguage":"en-US"},{"@type":"ImageObject","inLanguage":"en-US","@id":"https:\/\/nbsime.com\/web\/servicios-2\/impresos-y-publicaciones\/#primaryimage","url":"https:\/\/nbsime.com\/web\/wp-content\/uploads\/2014\/12\/impresos.jpeg","contentUrl":"https:\/\/nbsime.com\/web\/wp-content\/uploads\/2014\/12\/impresos.jpeg","width":1280,"height":800},{"@type":"WebPage","@id":"https:\/\/nbsime.com\/web\/servicios-2\/impresos-y-publicaciones\/#webpage","url":"https:\/\/nbsime.com\/web\/servicios-2\/impresos-y-publicaciones\/","name":"Impresos y Publicaciones - NBSim\u00e9 I Comunicaci\u00f3n Gr\u00e1fica","isPartOf":{"@id":"https:\/\/nbsime.com\/web\/#website"},"primaryImageOfPage":{"@id":"https:\/\/nbsime.com\/web\/servicios-2\/impresos-y-publicaciones\/#primaryimage"},"datePublished":"2014-12-11T04:59:19+00:00","dateModified":"2015-07-24T21:03:17+00:00","breadcrumb":{"@id":"https:\/\/nbsime.com\/web\/servicios-2\/impresos-y-publicaciones\/#breadcrumb"},"inLanguage":"en-US","potentialAction":[{"@type":"ReadAction","target":["https:\/\/nbsime.com\/web\/servicios-2\/impresos-y-publicaciones\/"]}]},{"@type":"BreadcrumbList","@id":"https:\/\/nbsime.com\/web\/servicios-2\/impresos-y-publicaciones\/#breadcrumb","itemListElement":[{"@type":"ListItem","position":1,"name":"Home","item":"https:\/\/nbsime.com\/web\/"},{"@type":"ListItem","position":2,"name":"Servicios","item":"https:\/\/nbsime.com\/web\/servicios-2\/"},{"@type":"ListItem","position":3,"name":"Impresos y Publicaciones"}]}]}},"_links":{"self":[{"href":"https:\/\/nbsime.com\/web\/wp-json\/wp\/v2\/pages\/147"}],"collection":[{"href":"https:\/\/nbsime.com\/web\/wp-json\/wp\/v2\/pages"}],"about":[{"href":"https:\/\/nbsime.com\/web\/wp-json\/wp\/v2\/types\/page"}],"author":[{"embeddable":true,"href":"https:\/\/nbsime.com\/web\/wp-json\/wp\/v2\/users\/1"}],"replies":[{"embeddable":true,"href":"https:\/\/nbsime.com\/web\/wp-json\/wp\/v2\/comments?post=147"}],"version-history":[{"count":5,"href":"https:\/\/nbsime.com\/web\/wp-json\/wp\/v2\/pages\/147\/revisions"}],"predecessor-version":[{"id":292,"href":"https:\/\/nbsime.com\/web\/wp-json\/wp\/v2\/pages\/147\/revisions\/292"}],"up":[{"embeddable":true,"href":"https:\/\/nbsime.com\/web\/wp-json\/wp\/v2\/pages\/143"}],"wp:featuredmedia":[{"embeddable":true,"href":"https:\/\/nbsime.com\/web\/wp-json\/wp\/v2\/media\/278"}],"wp:attachment":[{"href":"https:\/\/nbsime.com\/web\/wp-json\/wp\/v2\/media?parent=147"}],"curies":[{"name":"wp","href":"https:\/\/api.w.org\/{rel}","templated":true}]}}