{"id":155,"date":"2014-12-11T05:00:16","date_gmt":"2014-12-11T05:00:16","guid":{"rendered":"http:\/\/nbsime.com\/web\/?page_id=155"},"modified":"2015-07-24T20:54:02","modified_gmt":"2015-07-24T20:54:02","slug":"modulos-y-escenografias","status":"publish","type":"page","link":"https:\/\/nbsime.com\/web\/servicios-2\/modulos-y-escenografias\/","title":{"rendered":"M\u00f3dulos y Escenograf\u00edas"},"content":{"rendered":"<p><a href=\"https:\/\/nbsime.com\/web\/wp-content\/uploads\/2014\/12\/escenografia.png\"><img loading=\"lazy\" class=\"aligncenter size-full wp-image-287\" src=\"https:\/\/nbsime.com\/web\/wp-content\/uploads\/2014\/12\/escenografia.png\" alt=\"escenografia\" width=\"700\" height=\"265\" srcset=\"https:\/\/nbsime.com\/web\/wp-content\/uploads\/2014\/12\/escenografia.png 700w, https:\/\/nbsime.com\/web\/wp-content\/uploads\/2014\/12\/escenografia-300x114.png 300w, https:\/\/nbsime.com\/web\/wp-content\/uploads\/2014\/12\/escenografia-400x151.png 400w\" sizes=\"(max-width: 700px) 100vw, 700px\" \/><\/a><\/p>\n<p><strong>:: M\u00f3dulos y Escenograf\u00edas:<\/strong> Ponemos a su alcance infinitas posibilidades para sus m\u00f3dulos de Ferias, mejorar los ambientes laborales, impresiones, iluminaci\u00f3n, asesor\u00eda paisaj\u00edstica, etc.\u00a0 En escenograf\u00edas\u00a0 ofertamos dise\u00f1os exclusivos, ligeros, durables y adecuados a cada tipo de producci\u00f3n.<\/p>\n<p><strong>:: Publicidad Exterior:<\/strong> Desde Bajantes, Banderolas y cruzacalles hasta vallas y gigantograf\u00edas, nuestra experiencia en el dise\u00f1o y manejo de este tipo de publicidad inspiran confianza plena en\u00a0 los resultados.<\/p>\n","protected":false},"excerpt":{"rendered":"<p>:: M\u00f3dulos y Escenograf\u00edas: Ponemos a su alcance infinitas posibilidades para sus m\u00f3dulos de Ferias, mejorar los ambientes laborales, impresiones, iluminaci\u00f3n, asesor\u00eda paisaj\u00edstica, etc.\u00a0 En escenograf\u00edas\u00a0 ofertamos dise\u00f1os exclusivos, ligeros,\u2026 <a href=\"https:\/\/nbsime.com\/web\/servicios-2\/modulos-y-escenografias\/\" class=\"read-more-link\">read more &rarr;<\/a><\/p>\n","protected":false},"author":1,"featured_media":283,"parent":143,"menu_order":0,"comment_status":"open","ping_status":"open","template":"page-side-navigation.php","meta":[],"yoast_head":"<!-- This site is optimized with the Yoast SEO plugin v19.0 - https:\/\/yoast.com\/wordpress\/plugins\/seo\/ -->\n<title>M\u00f3dulos y Escenograf\u00edas - NBSim\u00e9 I Comunicaci\u00f3n Gr\u00e1fica<\/title>\n<meta name=\"robots\" content=\"index, follow, max-snippet:-1, max-image-preview:large, max-video-preview:-1\" \/>\n<link rel=\"canonical\" href=\"https:\/\/nbsime.com\/web\/servicios-2\/modulos-y-escenografias\/\" \/>\n<meta property=\"og:locale\" content=\"en_US\" \/>\n<meta property=\"og:type\" content=\"article\" \/>\n<meta property=\"og:title\" content=\"M\u00f3dulos y Escenograf\u00edas - NBSim\u00e9 I Comunicaci\u00f3n Gr\u00e1fica\" \/>\n<meta property=\"og:description\" content=\":: M\u00f3dulos y Escenograf\u00edas: Ponemos a su alcance infinitas posibilidades para sus m\u00f3dulos de Ferias, mejorar los ambientes laborales, impresiones, iluminaci\u00f3n, asesor\u00eda paisaj\u00edstica, etc.\u00a0 En escenograf\u00edas\u00a0 ofertamos dise\u00f1os exclusivos, ligeros,\u2026 read more &rarr;\" \/>\n<meta property=\"og:url\" content=\"https:\/\/nbsime.com\/web\/servicios-2\/modulos-y-escenografias\/\" \/>\n<meta property=\"og:site_name\" content=\"NBSim\u00e9 I Comunicaci\u00f3n Gr\u00e1fica\" \/>\n<meta property=\"article:modified_time\" content=\"2015-07-24T20:54:02+00:00\" \/>\n<meta property=\"og:image\" content=\"https:\/\/nbsime.com\/web\/wp-content\/uploads\/2014\/12\/modulos.jpg\" \/>\n\t<meta property=\"og:image:width\" content=\"1280\" \/>\n\t<meta property=\"og:image:height\" content=\"711\" \/>\n\t<meta property=\"og:image:type\" content=\"image\/jpeg\" \/>\n<meta name=\"twitter:card\" content=\"summary_large_image\" \/>\n<script type=\"application\/ld+json\" class=\"yoast-schema-graph\">{\"@context\":\"https:\/\/schema.org\",\"@graph\":[{\"@type\":\"WebSite\",\"@id\":\"https:\/\/nbsime.com\/web\/#website\",\"url\":\"https:\/\/nbsime.com\/web\/\",\"name\":\"NBSim\u00e9 I Comunicaci\u00f3n Gr\u00e1fica\",\"description\":\"Comunicaci\u00f3n Gr\u00e1fica\",\"potentialAction\":[{\"@type\":\"SearchAction\",\"target\":{\"@type\":\"EntryPoint\",\"urlTemplate\":\"https:\/\/nbsime.com\/web\/?s={search_term_string}\"},\"query-input\":\"required name=search_term_string\"}],\"inLanguage\":\"en-US\"},{\"@type\":\"ImageObject\",\"inLanguage\":\"en-US\",\"@id\":\"https:\/\/nbsime.com\/web\/servicios-2\/modulos-y-escenografias\/#primaryimage\",\"url\":\"https:\/\/nbsime.com\/web\/wp-content\/uploads\/2014\/12\/modulos.jpg\",\"contentUrl\":\"https:\/\/nbsime.com\/web\/wp-content\/uploads\/2014\/12\/modulos.jpg\",\"width\":1280,\"height\":711},{\"@type\":\"WebPage\",\"@id\":\"https:\/\/nbsime.com\/web\/servicios-2\/modulos-y-escenografias\/#webpage\",\"url\":\"https:\/\/nbsime.com\/web\/servicios-2\/modulos-y-escenografias\/\",\"name\":\"M\u00f3dulos y Escenograf\u00edas - NBSim\u00e9 I Comunicaci\u00f3n Gr\u00e1fica\",\"isPartOf\":{\"@id\":\"https:\/\/nbsime.com\/web\/#website\"},\"primaryImageOfPage\":{\"@id\":\"https:\/\/nbsime.com\/web\/servicios-2\/modulos-y-escenografias\/#primaryimage\"},\"datePublished\":\"2014-12-11T05:00:16+00:00\",\"dateModified\":\"2015-07-24T20:54:02+00:00\",\"breadcrumb\":{\"@id\":\"https:\/\/nbsime.com\/web\/servicios-2\/modulos-y-escenografias\/#breadcrumb\"},\"inLanguage\":\"en-US\",\"potentialAction\":[{\"@type\":\"ReadAction\",\"target\":[\"https:\/\/nbsime.com\/web\/servicios-2\/modulos-y-escenografias\/\"]}]},{\"@type\":\"BreadcrumbList\",\"@id\":\"https:\/\/nbsime.com\/web\/servicios-2\/modulos-y-escenografias\/#breadcrumb\",\"itemListElement\":[{\"@type\":\"ListItem\",\"position\":1,\"name\":\"Home\",\"item\":\"https:\/\/nbsime.com\/web\/\"},{\"@type\":\"ListItem\",\"position\":2,\"name\":\"Servicios\",\"item\":\"https:\/\/nbsime.com\/web\/servicios-2\/\"},{\"@type\":\"ListItem\",\"position\":3,\"name\":\"M\u00f3dulos y Escenograf\u00edas\"}]}]}<\/script>\n<!-- \/ Yoast SEO plugin. -->","yoast_head_json":{"title":"M\u00f3dulos y Escenograf\u00edas - NBSim\u00e9 I Comunicaci\u00f3n Gr\u00e1fica","robots":{"index":"index","follow":"follow","max-snippet":"max-snippet:-1","max-image-preview":"max-image-preview:large","max-video-preview":"max-video-preview:-1"},"canonical":"https:\/\/nbsime.com\/web\/servicios-2\/modulos-y-escenografias\/","og_locale":"en_US","og_type":"article","og_title":"M\u00f3dulos y Escenograf\u00edas - NBSim\u00e9 I Comunicaci\u00f3n Gr\u00e1fica","og_description":":: M\u00f3dulos y Escenograf\u00edas: Ponemos a su alcance infinitas posibilidades para sus m\u00f3dulos de Ferias, mejorar los ambientes laborales, impresiones, iluminaci\u00f3n, asesor\u00eda paisaj\u00edstica, etc.\u00a0 En escenograf\u00edas\u00a0 ofertamos dise\u00f1os exclusivos, ligeros,\u2026 read more &rarr;","og_url":"https:\/\/nbsime.com\/web\/servicios-2\/modulos-y-escenografias\/","og_site_name":"NBSim\u00e9 I Comunicaci\u00f3n Gr\u00e1fica","article_modified_time":"2015-07-24T20:54:02+00:00","og_image":[{"width":1280,"height":711,"url":"https:\/\/nbsime.com\/web\/wp-content\/uploads\/2014\/12\/modulos.jpg","type":"image\/jpeg"}],"twitter_card":"summary_large_image","schema":{"@context":"https:\/\/schema.org","@graph":[{"@type":"WebSite","@id":"https:\/\/nbsime.com\/web\/#website","url":"https:\/\/nbsime.com\/web\/","name":"NBSim\u00e9 I Comunicaci\u00f3n Gr\u00e1fica","description":"Comunicaci\u00f3n Gr\u00e1fica","potentialAction":[{"@type":"SearchAction","target":{"@type":"EntryPoint","urlTemplate":"https:\/\/nbsime.com\/web\/?s={search_term_string}"},"query-input":"required name=search_term_string"}],"inLanguage":"en-US"},{"@type":"ImageObject","inLanguage":"en-US","@id":"https:\/\/nbsime.com\/web\/servicios-2\/modulos-y-escenografias\/#primaryimage","url":"https:\/\/nbsime.com\/web\/wp-content\/uploads\/2014\/12\/modulos.jpg","contentUrl":"https:\/\/nbsime.com\/web\/wp-content\/uploads\/2014\/12\/modulos.jpg","width":1280,"height":711},{"@type":"WebPage","@id":"https:\/\/nbsime.com\/web\/servicios-2\/modulos-y-escenografias\/#webpage","url":"https:\/\/nbsime.com\/web\/servicios-2\/modulos-y-escenografias\/","name":"M\u00f3dulos y Escenograf\u00edas - NBSim\u00e9 I Comunicaci\u00f3n Gr\u00e1fica","isPartOf":{"@id":"https:\/\/nbsime.com\/web\/#website"},"primaryImageOfPage":{"@id":"https:\/\/nbsime.com\/web\/servicios-2\/modulos-y-escenografias\/#primaryimage"},"datePublished":"2014-12-11T05:00:16+00:00","dateModified":"2015-07-24T20:54:02+00:00","breadcrumb":{"@id":"https:\/\/nbsime.com\/web\/servicios-2\/modulos-y-escenografias\/#breadcrumb"},"inLanguage":"en-US","potentialAction":[{"@type":"ReadAction","target":["https:\/\/nbsime.com\/web\/servicios-2\/modulos-y-escenografias\/"]}]},{"@type":"BreadcrumbList","@id":"https:\/\/nbsime.com\/web\/servicios-2\/modulos-y-escenografias\/#breadcrumb","itemListElement":[{"@type":"ListItem","position":1,"name":"Home","item":"https:\/\/nbsime.com\/web\/"},{"@type":"ListItem","position":2,"name":"Servicios","item":"https:\/\/nbsime.com\/web\/servicios-2\/"},{"@type":"ListItem","position":3,"name":"M\u00f3dulos y Escenograf\u00edas"}]}]}},"_links":{"self":[{"href":"https:\/\/nbsime.com\/web\/wp-json\/wp\/v2\/pages\/155"}],"collection":[{"href":"https:\/\/nbsime.com\/web\/wp-json\/wp\/v2\/pages"}],"about":[{"href":"https:\/\/nbsime.com\/web\/wp-json\/wp\/v2\/types\/page"}],"author":[{"embeddable":true,"href":"https:\/\/nbsime.com\/web\/wp-json\/wp\/v2\/users\/1"}],"replies":[{"embeddable":true,"href":"https:\/\/nbsime.com\/web\/wp-json\/wp\/v2\/comments?post=155"}],"version-history":[{"count":4,"href":"https:\/\/nbsime.com\/web\/wp-json\/wp\/v2\/pages\/155\/revisions"}],"predecessor-version":[{"id":288,"href":"https:\/\/nbsime.com\/web\/wp-json\/wp\/v2\/pages\/155\/revisions\/288"}],"up":[{"embeddable":true,"href":"https:\/\/nbsime.com\/web\/wp-json\/wp\/v2\/pages\/143"}],"wp:featuredmedia":[{"embeddable":true,"href":"https:\/\/nbsime.com\/web\/wp-json\/wp\/v2\/media\/283"}],"wp:attachment":[{"href":"https:\/\/nbsime.com\/web\/wp-json\/wp\/v2\/media?parent=155"}],"curies":[{"name":"wp","href":"https:\/\/api.w.org\/{rel}","templated":true}]}}