{"id":366,"date":"2017-11-07T17:12:40","date_gmt":"2017-11-07T17:12:40","guid":{"rendered":"http:\/\/nbsime.com\/web\/?page_id=366"},"modified":"2017-11-07T17:12:40","modified_gmt":"2017-11-07T17:12:40","slug":"estudios-de-mercado","status":"publish","type":"page","link":"https:\/\/nbsime.com\/web\/estudios-de-mercado\/","title":{"rendered":"Estudios de Mercado"},"content":{"rendered":"<div>En NBSIME tenemos muy claro la importancia de conocer a fondo las caracter\u00edsticas, desaf\u00edos y oportunidades de los mercados y productos a los que nuestros clientes buscan impactar.<\/div>\n<div><\/div>\n<div>Por eso ponemos a su disposici\u00f3n nuestra vasta experiencia en la realizaci\u00f3n de estudios de mercado, tanto Exploratorios, Descriptivos, como Causales.<\/div>\n<div><\/div>\n<div>As\u00ed, llegamos al conocimiento inicial de una situaci\u00f3n e identifica\u00adci\u00f3n de problemas y situaciones basados estad\u00edsticas, publicaciones y entrevistas.<\/div>\n<div><\/div>\n<div>De forma que podemos identificar y cuantificar un\u00a0 \u00a0nicho mercado, o el potencial completo, lo que permi\u00adte hacer previsiones y segmentar de forma efectiva el mercado.<\/div>\n<div><\/div>\n<div>El dise\u00f1o de las muestras para nuestras encuestas tienen el m\u00e1s alto nivel posible de confianza seg\u00fan la categor\u00eda escogida, as\u00ed mismo, las entrevistas (directas, telef\u00f3nicas, a profundidad, electr\u00f3nicas) son manejadas con el todo el rigor y profesionalidad que puede garantizarse.<\/div>\n<div><\/div>\n<div>Bien sea para el manejo de la imagen de una figura p\u00fablica, un producto, marca o empresa, perm\u00edtanos evaluar con rigor cient\u00edfico y la flexibilidad que permite nuestro conocimiento de la composici\u00f3n social dominicana, para que sus resultados sean absolutamente satisfactorios y correspondientes con la realidad.<\/div>\n","protected":false},"excerpt":{"rendered":"<p>En NBSIME tenemos muy claro la importancia de conocer a fondo las caracter\u00edsticas, desaf\u00edos y oportunidades de los mercados y productos a los que nuestros clientes buscan impactar. Por eso\u2026 <a href=\"https:\/\/nbsime.com\/web\/estudios-de-mercado\/\" class=\"read-more-link\">read more &rarr;<\/a><\/p>\n","protected":false},"author":1,"featured_media":0,"parent":0,"menu_order":0,"comment_status":"closed","ping_status":"closed","template":"","meta":[],"yoast_head":"<!-- This site is optimized with the Yoast SEO plugin v19.0 - https:\/\/yoast.com\/wordpress\/plugins\/seo\/ -->\n<title>Estudios de Mercado - NBSim\u00e9 I Comunicaci\u00f3n Gr\u00e1fica<\/title>\n<meta name=\"robots\" content=\"index, follow, max-snippet:-1, max-image-preview:large, max-video-preview:-1\" \/>\n<link rel=\"canonical\" href=\"https:\/\/nbsime.com\/web\/estudios-de-mercado\/\" \/>\n<meta property=\"og:locale\" content=\"en_US\" \/>\n<meta property=\"og:type\" content=\"article\" \/>\n<meta property=\"og:title\" content=\"Estudios de Mercado - NBSim\u00e9 I Comunicaci\u00f3n Gr\u00e1fica\" \/>\n<meta property=\"og:description\" content=\"En NBSIME tenemos muy claro la importancia de conocer a fondo las caracter\u00edsticas, desaf\u00edos y oportunidades de los mercados y productos a los que nuestros clientes buscan impactar. Por eso\u2026 read more &rarr;\" \/>\n<meta property=\"og:url\" content=\"https:\/\/nbsime.com\/web\/estudios-de-mercado\/\" \/>\n<meta property=\"og:site_name\" content=\"NBSim\u00e9 I Comunicaci\u00f3n Gr\u00e1fica\" \/>\n<meta name=\"twitter:card\" content=\"summary_large_image\" \/>\n<meta name=\"twitter:label1\" content=\"Est. reading time\" \/>\n\t<meta name=\"twitter:data1\" content=\"1 minute\" \/>\n<script type=\"application\/ld+json\" class=\"yoast-schema-graph\">{\"@context\":\"https:\/\/schema.org\",\"@graph\":[{\"@type\":\"WebSite\",\"@id\":\"https:\/\/nbsime.com\/web\/#website\",\"url\":\"https:\/\/nbsime.com\/web\/\",\"name\":\"NBSim\u00e9 I Comunicaci\u00f3n Gr\u00e1fica\",\"description\":\"Comunicaci\u00f3n Gr\u00e1fica\",\"potentialAction\":[{\"@type\":\"SearchAction\",\"target\":{\"@type\":\"EntryPoint\",\"urlTemplate\":\"https:\/\/nbsime.com\/web\/?s={search_term_string}\"},\"query-input\":\"required name=search_term_string\"}],\"inLanguage\":\"en-US\"},{\"@type\":\"WebPage\",\"@id\":\"https:\/\/nbsime.com\/web\/estudios-de-mercado\/#webpage\",\"url\":\"https:\/\/nbsime.com\/web\/estudios-de-mercado\/\",\"name\":\"Estudios de Mercado - NBSim\u00e9 I Comunicaci\u00f3n Gr\u00e1fica\",\"isPartOf\":{\"@id\":\"https:\/\/nbsime.com\/web\/#website\"},\"datePublished\":\"2017-11-07T17:12:40+00:00\",\"dateModified\":\"2017-11-07T17:12:40+00:00\",\"breadcrumb\":{\"@id\":\"https:\/\/nbsime.com\/web\/estudios-de-mercado\/#breadcrumb\"},\"inLanguage\":\"en-US\",\"potentialAction\":[{\"@type\":\"ReadAction\",\"target\":[\"https:\/\/nbsime.com\/web\/estudios-de-mercado\/\"]}]},{\"@type\":\"BreadcrumbList\",\"@id\":\"https:\/\/nbsime.com\/web\/estudios-de-mercado\/#breadcrumb\",\"itemListElement\":[{\"@type\":\"ListItem\",\"position\":1,\"name\":\"Home\",\"item\":\"https:\/\/nbsime.com\/web\/\"},{\"@type\":\"ListItem\",\"position\":2,\"name\":\"Estudios de Mercado\"}]}]}<\/script>\n<!-- \/ Yoast SEO plugin. -->","yoast_head_json":{"title":"Estudios de Mercado - NBSim\u00e9 I Comunicaci\u00f3n Gr\u00e1fica","robots":{"index":"index","follow":"follow","max-snippet":"max-snippet:-1","max-image-preview":"max-image-preview:large","max-video-preview":"max-video-preview:-1"},"canonical":"https:\/\/nbsime.com\/web\/estudios-de-mercado\/","og_locale":"en_US","og_type":"article","og_title":"Estudios de Mercado - NBSim\u00e9 I Comunicaci\u00f3n Gr\u00e1fica","og_description":"En NBSIME tenemos muy claro la importancia de conocer a fondo las caracter\u00edsticas, desaf\u00edos y oportunidades de los mercados y productos a los que nuestros clientes buscan impactar. Por eso\u2026 read more &rarr;","og_url":"https:\/\/nbsime.com\/web\/estudios-de-mercado\/","og_site_name":"NBSim\u00e9 I Comunicaci\u00f3n Gr\u00e1fica","twitter_card":"summary_large_image","twitter_misc":{"Est. reading time":"1 minute"},"schema":{"@context":"https:\/\/schema.org","@graph":[{"@type":"WebSite","@id":"https:\/\/nbsime.com\/web\/#website","url":"https:\/\/nbsime.com\/web\/","name":"NBSim\u00e9 I Comunicaci\u00f3n Gr\u00e1fica","description":"Comunicaci\u00f3n Gr\u00e1fica","potentialAction":[{"@type":"SearchAction","target":{"@type":"EntryPoint","urlTemplate":"https:\/\/nbsime.com\/web\/?s={search_term_string}"},"query-input":"required name=search_term_string"}],"inLanguage":"en-US"},{"@type":"WebPage","@id":"https:\/\/nbsime.com\/web\/estudios-de-mercado\/#webpage","url":"https:\/\/nbsime.com\/web\/estudios-de-mercado\/","name":"Estudios de Mercado - NBSim\u00e9 I Comunicaci\u00f3n Gr\u00e1fica","isPartOf":{"@id":"https:\/\/nbsime.com\/web\/#website"},"datePublished":"2017-11-07T17:12:40+00:00","dateModified":"2017-11-07T17:12:40+00:00","breadcrumb":{"@id":"https:\/\/nbsime.com\/web\/estudios-de-mercado\/#breadcrumb"},"inLanguage":"en-US","potentialAction":[{"@type":"ReadAction","target":["https:\/\/nbsime.com\/web\/estudios-de-mercado\/"]}]},{"@type":"BreadcrumbList","@id":"https:\/\/nbsime.com\/web\/estudios-de-mercado\/#breadcrumb","itemListElement":[{"@type":"ListItem","position":1,"name":"Home","item":"https:\/\/nbsime.com\/web\/"},{"@type":"ListItem","position":2,"name":"Estudios de Mercado"}]}]}},"_links":{"self":[{"href":"https:\/\/nbsime.com\/web\/wp-json\/wp\/v2\/pages\/366"}],"collection":[{"href":"https:\/\/nbsime.com\/web\/wp-json\/wp\/v2\/pages"}],"about":[{"href":"https:\/\/nbsime.com\/web\/wp-json\/wp\/v2\/types\/page"}],"author":[{"embeddable":true,"href":"https:\/\/nbsime.com\/web\/wp-json\/wp\/v2\/users\/1"}],"replies":[{"embeddable":true,"href":"https:\/\/nbsime.com\/web\/wp-json\/wp\/v2\/comments?post=366"}],"version-history":[{"count":1,"href":"https:\/\/nbsime.com\/web\/wp-json\/wp\/v2\/pages\/366\/revisions"}],"predecessor-version":[{"id":367,"href":"https:\/\/nbsime.com\/web\/wp-json\/wp\/v2\/pages\/366\/revisions\/367"}],"wp:attachment":[{"href":"https:\/\/nbsime.com\/web\/wp-json\/wp\/v2\/media?parent=366"}],"curies":[{"name":"wp","href":"https:\/\/api.w.org\/{rel}","templated":true}]}}