{"id":75,"date":"2014-10-16T19:30:43","date_gmt":"2014-10-16T19:30:43","guid":{"rendered":"http:\/\/nbsime.com\/web\/?page_id=75"},"modified":"2022-03-02T23:08:01","modified_gmt":"2022-03-02T23:08:01","slug":"portada","status":"publish","type":"page","link":"https:\/\/nbsime.com\/web\/","title":{"rendered":"Portada"},"content":{"rendered":"<p>[vc_row][vc_column][vc_single_image image=&#8221;903&#8243; img_size=&#8221;medium&#8221; alignment=&#8221;center&#8221; css_animation=&#8221;fadeIn&#8221;][\/vc_column][\/vc_row][vc_row css=&#8221;.vc_custom_1428942217806{margin-top: 0px !important;border-top-width: 0px !important;padding-top: 0px !important;}&#8221;][vc_column width=&#8221;2\/3&#8243; css=&#8221;.vc_custom_1428941608183{margin-top: 0px !important;border-top-width: 0px !important;padding-top: 0px !important;}&#8221;][vc_column_text css_animation=&#8221;appear&#8221;]&nbsp;<\/p>\n<p style=\"text-align: justify;\"><span style=\"color: #000080;\"><strong>NBSim\u00e9 Comunicaci\u00f3n Gr\u00e1fica<\/strong><\/span>\u00a0es una empresa establecida al amparo de las Leyes Dominicanas desde el a\u00f1o 2001, es el fruto de la fusi\u00f3n de Sim\u00e9 Serigraf\u00eda, empresa de impresi\u00f3n y publicidad promocional que operaba desde 1987 y NBS Consultor\u00eda Gr\u00e1fica, dedicada al dise\u00f1o gr\u00e1fico mercadeo y venta de publicidad promocional desde 1989.<\/p>\n<p style=\"text-align: justify;\">La suma de las experiencias previas y el conocimiento de mercado, han permitido que NBSim\u00e9 evolucion\u00e9 con una \u00a0xtraordinaria hoja de satisfacci\u00f3n general de los clientes a los que sirve, muchos de los cuales se mantienen en nuestra carpeta de usuarios frecuentes desde hace m\u00e1s de 15 a\u00f1os.<\/p>\n<p>[\/vc_column_text][\/vc_column][vc_column width=&#8221;1\/3&#8243;][vc_column_text css_animation=&#8221;appear&#8221;]<\/p>\n<p style=\"text-align: justify;\">\n<p style=\"text-align: justify;\">\n<p style=\"text-align: justify;\"><span style=\"color: #000080;\"><strong><img loading=\"lazy\" class=\"wp-image-254 aligncenter\" src=\"https:\/\/nbsime.com\/web\/wp-content\/uploads\/2014\/10\/nbsime-sgia-member.png\" alt=\"Nbsime member of SGIA.\" width=\"257\" height=\"176\" \/><\/strong><\/span><\/p>\n<p>[\/vc_column_text][\/vc_column][\/vc_row][vc_row][vc_column][rev_slider_vc alias=&#8221;clientes&#8221;][\/vc_column][\/vc_row]<\/p>\n","protected":false},"excerpt":{"rendered":"<p>[vc_row][vc_column][vc_single_image image=&#8221;903&#8243; img_size=&#8221;medium&#8221; alignment=&#8221;center&#8221; css_animation=&#8221;fadeIn&#8221;][\/vc_column][\/vc_row][vc_row css=&#8221;.vc_custom_1428942217806{margin-top: 0px !important;border-top-width: 0px !important;padding-top: 0px !important;}&#8221;][vc_column width=&#8221;2\/3&#8243; css=&#8221;.vc_custom_1428941608183{margin-top: 0px !important;border-top-width: 0px !important;padding-top: 0px !important;}&#8221;][vc_column_text css_animation=&#8221;appear&#8221;]&nbsp; NBSim\u00e9 Comunicaci\u00f3n Gr\u00e1fica\u00a0es una empresa establecida al amparo de\u2026 <a href=\"https:\/\/nbsime.com\/web\/\" class=\"read-more-link\">read more &rarr;<\/a><\/p>\n","protected":false},"author":1,"featured_media":0,"parent":0,"menu_order":0,"comment_status":"open","ping_status":"open","template":"","meta":[],"yoast_head":"<!-- This site is optimized with the Yoast SEO plugin v19.0 - https:\/\/yoast.com\/wordpress\/plugins\/seo\/ -->\n<title>Portada - NBSim\u00e9 I Comunicaci\u00f3n Gr\u00e1fica<\/title>\n<meta name=\"robots\" content=\"index, follow, max-snippet:-1, max-image-preview:large, max-video-preview:-1\" \/>\n<link rel=\"canonical\" href=\"https:\/\/nbsime.com\/web\/\" \/>\n<meta property=\"og:locale\" content=\"en_US\" \/>\n<meta property=\"og:type\" content=\"article\" \/>\n<meta property=\"og:title\" content=\"Portada - NBSim\u00e9 I Comunicaci\u00f3n Gr\u00e1fica\" \/>\n<meta property=\"og:description\" content=\"[vc_row][vc_column][vc_single_image image=&#8221;903&#8243; img_size=&#8221;medium&#8221; alignment=&#8221;center&#8221; css_animation=&#8221;fadeIn&#8221;][\/vc_column][\/vc_row][vc_row css=&#8221;.vc_custom_1428942217806{margin-top: 0px !important;border-top-width: 0px !important;padding-top: 0px !important;}&#8221;][vc_column width=&#8221;2\/3&#8243; css=&#8221;.vc_custom_1428941608183{margin-top: 0px !important;border-top-width: 0px !important;padding-top: 0px !important;}&#8221;][vc_column_text css_animation=&#8221;appear&#8221;]&nbsp; NBSim\u00e9 Comunicaci\u00f3n Gr\u00e1fica\u00a0es una empresa establecida al amparo de\u2026 read more &rarr;\" \/>\n<meta property=\"og:url\" content=\"https:\/\/nbsime.com\/web\/\" \/>\n<meta property=\"og:site_name\" content=\"NBSim\u00e9 I Comunicaci\u00f3n Gr\u00e1fica\" \/>\n<meta property=\"article:modified_time\" content=\"2022-03-02T23:08:01+00:00\" \/>\n<meta property=\"og:image\" content=\"http:\/\/nbsime.com\/web\/wp-content\/uploads\/2014\/10\/nbsime-sgia-member.png\" \/>\n<meta name=\"twitter:card\" content=\"summary_large_image\" \/>\n<meta name=\"twitter:label1\" content=\"Est. reading time\" \/>\n\t<meta name=\"twitter:data1\" content=\"1 minute\" \/>\n<script type=\"application\/ld+json\" class=\"yoast-schema-graph\">{\"@context\":\"https:\/\/schema.org\",\"@graph\":[{\"@type\":\"WebSite\",\"@id\":\"https:\/\/nbsime.com\/web\/#website\",\"url\":\"https:\/\/nbsime.com\/web\/\",\"name\":\"NBSim\u00e9 I Comunicaci\u00f3n Gr\u00e1fica\",\"description\":\"Comunicaci\u00f3n Gr\u00e1fica\",\"potentialAction\":[{\"@type\":\"SearchAction\",\"target\":{\"@type\":\"EntryPoint\",\"urlTemplate\":\"https:\/\/nbsime.com\/web\/?s={search_term_string}\"},\"query-input\":\"required name=search_term_string\"}],\"inLanguage\":\"en-US\"},{\"@type\":\"ImageObject\",\"inLanguage\":\"en-US\",\"@id\":\"https:\/\/nbsime.com\/web\/#primaryimage\",\"url\":\"http:\/\/nbsime.com\/web\/wp-content\/uploads\/2014\/10\/nbsime-sgia-member.png\",\"contentUrl\":\"http:\/\/nbsime.com\/web\/wp-content\/uploads\/2014\/10\/nbsime-sgia-member.png\"},{\"@type\":\"WebPage\",\"@id\":\"https:\/\/nbsime.com\/web\/#webpage\",\"url\":\"https:\/\/nbsime.com\/web\/\",\"name\":\"Portada - NBSim\u00e9 I Comunicaci\u00f3n Gr\u00e1fica\",\"isPartOf\":{\"@id\":\"https:\/\/nbsime.com\/web\/#website\"},\"primaryImageOfPage\":{\"@id\":\"https:\/\/nbsime.com\/web\/#primaryimage\"},\"datePublished\":\"2014-10-16T19:30:43+00:00\",\"dateModified\":\"2022-03-02T23:08:01+00:00\",\"breadcrumb\":{\"@id\":\"https:\/\/nbsime.com\/web\/#breadcrumb\"},\"inLanguage\":\"en-US\",\"potentialAction\":[{\"@type\":\"ReadAction\",\"target\":[\"https:\/\/nbsime.com\/web\/\"]}]},{\"@type\":\"BreadcrumbList\",\"@id\":\"https:\/\/nbsime.com\/web\/#breadcrumb\",\"itemListElement\":[{\"@type\":\"ListItem\",\"position\":1,\"name\":\"Home\",\"item\":\"https:\/\/nbsime.com\/web\/\"},{\"@type\":\"ListItem\",\"position\":2,\"name\":\"Portada\"}]}]}<\/script>\n<!-- \/ Yoast SEO plugin. -->","yoast_head_json":{"title":"Portada - NBSim\u00e9 I Comunicaci\u00f3n Gr\u00e1fica","robots":{"index":"index","follow":"follow","max-snippet":"max-snippet:-1","max-image-preview":"max-image-preview:large","max-video-preview":"max-video-preview:-1"},"canonical":"https:\/\/nbsime.com\/web\/","og_locale":"en_US","og_type":"article","og_title":"Portada - NBSim\u00e9 I Comunicaci\u00f3n Gr\u00e1fica","og_description":"[vc_row][vc_column][vc_single_image image=&#8221;903&#8243; img_size=&#8221;medium&#8221; alignment=&#8221;center&#8221; css_animation=&#8221;fadeIn&#8221;][\/vc_column][\/vc_row][vc_row css=&#8221;.vc_custom_1428942217806{margin-top: 0px !important;border-top-width: 0px !important;padding-top: 0px !important;}&#8221;][vc_column width=&#8221;2\/3&#8243; css=&#8221;.vc_custom_1428941608183{margin-top: 0px !important;border-top-width: 0px !important;padding-top: 0px !important;}&#8221;][vc_column_text css_animation=&#8221;appear&#8221;]&nbsp; NBSim\u00e9 Comunicaci\u00f3n Gr\u00e1fica\u00a0es una empresa establecida al amparo de\u2026 read more &rarr;","og_url":"https:\/\/nbsime.com\/web\/","og_site_name":"NBSim\u00e9 I Comunicaci\u00f3n Gr\u00e1fica","article_modified_time":"2022-03-02T23:08:01+00:00","og_image":[{"url":"http:\/\/nbsime.com\/web\/wp-content\/uploads\/2014\/10\/nbsime-sgia-member.png"}],"twitter_card":"summary_large_image","twitter_misc":{"Est. reading time":"1 minute"},"schema":{"@context":"https:\/\/schema.org","@graph":[{"@type":"WebSite","@id":"https:\/\/nbsime.com\/web\/#website","url":"https:\/\/nbsime.com\/web\/","name":"NBSim\u00e9 I Comunicaci\u00f3n Gr\u00e1fica","description":"Comunicaci\u00f3n Gr\u00e1fica","potentialAction":[{"@type":"SearchAction","target":{"@type":"EntryPoint","urlTemplate":"https:\/\/nbsime.com\/web\/?s={search_term_string}"},"query-input":"required name=search_term_string"}],"inLanguage":"en-US"},{"@type":"ImageObject","inLanguage":"en-US","@id":"https:\/\/nbsime.com\/web\/#primaryimage","url":"http:\/\/nbsime.com\/web\/wp-content\/uploads\/2014\/10\/nbsime-sgia-member.png","contentUrl":"http:\/\/nbsime.com\/web\/wp-content\/uploads\/2014\/10\/nbsime-sgia-member.png"},{"@type":"WebPage","@id":"https:\/\/nbsime.com\/web\/#webpage","url":"https:\/\/nbsime.com\/web\/","name":"Portada - NBSim\u00e9 I Comunicaci\u00f3n Gr\u00e1fica","isPartOf":{"@id":"https:\/\/nbsime.com\/web\/#website"},"primaryImageOfPage":{"@id":"https:\/\/nbsime.com\/web\/#primaryimage"},"datePublished":"2014-10-16T19:30:43+00:00","dateModified":"2022-03-02T23:08:01+00:00","breadcrumb":{"@id":"https:\/\/nbsime.com\/web\/#breadcrumb"},"inLanguage":"en-US","potentialAction":[{"@type":"ReadAction","target":["https:\/\/nbsime.com\/web\/"]}]},{"@type":"BreadcrumbList","@id":"https:\/\/nbsime.com\/web\/#breadcrumb","itemListElement":[{"@type":"ListItem","position":1,"name":"Home","item":"https:\/\/nbsime.com\/web\/"},{"@type":"ListItem","position":2,"name":"Portada"}]}]}},"_links":{"self":[{"href":"https:\/\/nbsime.com\/web\/wp-json\/wp\/v2\/pages\/75"}],"collection":[{"href":"https:\/\/nbsime.com\/web\/wp-json\/wp\/v2\/pages"}],"about":[{"href":"https:\/\/nbsime.com\/web\/wp-json\/wp\/v2\/types\/page"}],"author":[{"embeddable":true,"href":"https:\/\/nbsime.com\/web\/wp-json\/wp\/v2\/users\/1"}],"replies":[{"embeddable":true,"href":"https:\/\/nbsime.com\/web\/wp-json\/wp\/v2\/comments?post=75"}],"version-history":[{"count":81,"href":"https:\/\/nbsime.com\/web\/wp-json\/wp\/v2\/pages\/75\/revisions"}],"predecessor-version":[{"id":1034,"href":"https:\/\/nbsime.com\/web\/wp-json\/wp\/v2\/pages\/75\/revisions\/1034"}],"wp:attachment":[{"href":"https:\/\/nbsime.com\/web\/wp-json\/wp\/v2\/media?parent=75"}],"curies":[{"name":"wp","href":"https:\/\/api.w.org\/{rel}","templated":true}]}}